{"id":12,"date":"2018-03-09T21:00:35","date_gmt":"2018-03-09T20:00:35","guid":{"rendered":"https:\/\/www.evolution-team.com\/de-de\/?page_id=12"},"modified":"2025-09-30T10:49:22","modified_gmt":"2025-09-30T08:49:22","slug":"leistungen","status":"publish","type":"page","link":"https:\/\/www.evolution-team.com\/de-de\/leistungen\/","title":{"rendered":"Leistungen"},"content":{"rendered":"<section class=\"dv-content__section\" style=\"background:none 50% 50% \/ cover no-repeat scroll;background-color: rgba(255, 255, 255, 0);padding-bottom:32px;padding-top:32px;\"><div class=\"dv-content__section-inner dv-content--width-large\" style=\"padding-left:16px;padding-right:16px;\">\r\n<div class=\"dv-grid dv-grid--gap-undefined\" style=\"margin-bottom:16px;margin-top:16px;\">\r\n<div class=\"dv-grid__cell dv-grid__cell--12 dv-grid__cell--4-phone dv-grid__cell--8-tablet dv-grid__cell--undefined-rows\" style=\"background:none 50% 50% \/ cover no-repeat scroll;background-color: rgb(245, 245, 245);padding-bottom:16px;padding-left:16px;padding-right:16px;padding-top:16px;\">\r\n<h2><span>Kalkulation von Produkt- und Werkzeug-<br>kosten<\/span><\/h2>\r\n<p>Product- und Tool-Costing<\/p>\r\n<p>Cost-Engineering &#8211; Abstimmung der technischen Anforderungen des Produktes an den Fertigungsprozess, Standort und deren Gegebenheiten, sowie realisierbaren Werkzeugkonzepte<\/p>\r\n<img decoding=\"async\" class=\"alignnone\" style=\"width: 100%;\" src=\"\/\/www.evolution-team.com\/de-de\/wp-content\/uploads\/sites\/2\/Costengineering.jpg\" alt=\"\"><\/div>\r\n<div class=\"dv-grid__cell dv-grid__cell--6 dv-grid__cell--4-phone dv-grid__cell--8-tablet dv-grid__cell--undefined-rows\" style=\"background:none 50% 50% \/ cover no-repeat scroll;background-color: rgb(245, 245, 245);padding-bottom:16px;padding-left:16px;padding-right:16px;padding-top:16px;\">\r\n<h2>Interims-Management<\/h2>\r\n<p>Wir stellen Ihnen kurzfristig Interims-Spezialisten f\u00fcr die nachfolgenden Bereiche zur Verf\u00fcgung<\/p>\r\n<ul>\r\n<li>Projektleiter Engineering<\/li>\r\n<li>Projektleiter Industrialisierung<\/li>\r\n<li>Qualit\u00e4tsmanagement<\/li>\r\n<li>Logistik Planer<\/li>\r\n<li>Anwendungstechniker Spritzgie\u00dfen<\/li>\r\n<\/ul>\r\n<\/div>\r\n<div class=\"dv-grid__cell dv-grid__cell--6 dv-grid__cell--4-phone dv-grid__cell--8-tablet dv-grid__cell--undefined-rows\" style=\"background:none 50% 50% \/ cover no-repeat scroll;background-color: rgb(245, 245, 245);padding-bottom:16px;padding-left:16px;padding-right:16px;padding-top:16px;\">\r\n<h2>Projektmanagement<\/h2>\r\n<p>Spezialist f\u00fcr alle Fertigungstechnologien Automobil Interieur-Bauteile (Anlagen- und Werkzeugtechnik)<\/p>\r\n<p>Spritzgie\u00dfen, Klebetechnik, Kaschieren, Thermoformen, Umbugen, Kunststoff-Niettechnik, Kunststoff-Schwei\u00dftechnik<\/p>\r\n<p>Innovationsgeber in der Klebe- und Kaschiertechnik<\/p>\r\n<ul>\r\n<li>Spezifikationserstellung<\/li>\r\n<li>Angebotsbewertung<\/li>\r\n<li>Lieferantenauswahl<\/li>\r\n<li>Lieferantenkoordinierung<\/li>\r\n<li>Inbetriebnahme, Anlaufkoordinierung, Tooltracking<\/li>\r\n<\/ul>\r\n<img decoding=\"async\" class=\"alignnone\" style=\"width: 100%;\" src=\"\/\/www.evolution-team.com\/de-de\/wp-content\/uploads\/sites\/2\/planning_DE.svg\" alt=\"\"><\/div>\r\n<div class=\"dv-grid__cell dv-grid__cell--12 dv-grid__cell--4-phone dv-grid__cell--8-tablet dv-grid__cell--undefined-rows\" style=\"background:none 50% 50% \/ cover no-repeat scroll;background-color: rgb(245, 245, 245);padding-bottom:16px;padding-left:16px;padding-right:16px;padding-top:16px;\">\r\n<h2>Supplier Process Optimisation<\/h2>\r\n<div class=\"dv-grid dv-grid--ready\">\r\n<div class=\"dv-grid__cell dv-grid__cell--6\">\r\n<p>Optimierung Prozesse und Abl\u00e4ufe<\/p>\r\n<p>(technische Optimierung &#8211; Spritzgie\u00dfen, Sch\u00e4umen, Kleben, Vakuum- \/ Presskaschieren, Umbugen, sowie Fertigungsabl\u00e4ufe und Cost-Saving-Ma\u00dfnahmen)<\/p>\r\n<ul>\r\n<li>Maschinen- und Werkzeugoptimierung<\/li>\r\n<li>Ausschuss- und Nacharbeitsoptimierung<\/li>\r\n<li>Arbeitsplatzgestaltung<\/li>\r\n<li>Zeitanalysen<\/li>\r\n<li>Materialflussplanung<\/li>\r\n<li>Organisations- und Ablaufoptimierung<\/li>\r\n<li>Personal-Unterst\u00fctzung<\/li>\r\n<li>Umsetzung in der Operations Excellence (Synchrones Produktions System)<\/li>\r\n<\/ul>\r\n<p><strong>Beispiele:<\/strong><\/p>\r\n<ul>\r\n<li>Cockpit Sch\u00e4umen<\/li>\r\n<li>T\u00fcrverkleidung Teilkaschierung<\/li>\r\n<li>SPS Umsetzung Lederinsert<\/li>\r\n<li>T\u00fcrverkleidung Fertigungsprozessumstellung<\/li>\r\n<\/ul>\r\n<\/div>\r\n<div class=\"dv-grid__cell dv-grid__cell--6\"><img decoding=\"async\" class=\"alignnone\" style=\"width: 100%;\" src=\"\/\/www.evolution-team.com\/de-de\/wp-content\/uploads\/sites\/2\/process_DE.svg\" alt=\"\"><\/div>\r\n<\/div>\r\n<\/div>\r\n<\/div>\r\n<\/div><\/section>\r\n","protected":false},"excerpt":{"rendered":"<p>[dv-theme-section background_color=\u201crgba(255, 255, 255, 0)\u201c background_image=\u201cnone 50% 50% \/ cover no-repeat scroll\u201c border_bottom=\u201c0\u2033 border_top=\u201c0\u2033 color=\u201crgb(0, 0, 0)\u201c inner_width=\u201clarge\u201c padding_bottom=\u201c32\u2033 padding_top=\u201c32\u2033] [dv-theme-grid gutter=\u201c24\u2033 margin_bottom=\u201c16\u2033 margin_top=\u201c16\u2033] [dv-theme-cell background_color=\u201crgb(245, 245, 245)\u201c background_image=\u201cnone 50% 50% \/ cover no-repeat scroll\u201c color=\u201crgb(0, 0, 0)\u201c columns=\u201c6\u2033 columns_on_phone=\u201c4\u2033 columns_on_tablet=\u201c8\u2033 padding_bottom=\u201c16\u2033 padding_left=\u201c16\u2033 padding_right=\u201c16\u2033 padding_top=\u201c16\u2033] Interims-Management Wir stellen Ihnen kurzfristig Interims-Spezialisten f\u00fcr die nachfolgenden Bereiche zur Verf\u00fcgung Projektleiter Engineering Projektleiter Industrialisierung Qualit\u00e4tsmanagement Logistik Planer Anwendungstechniker Spritzgie\u00dfen [\/dv-theme-cell] [dv-theme-cell background_color=\u201crgb(245, 245, 245)\u201c background_image=\u201cnone 50% 50% \/ cover no-repeat scroll\u201c color=\u201crgb(0, 0, 0)\u201c columns=\u201c6\u2033 columns_on_phone=\u201c4\u2033 columns_on_tablet=\u201c8\u2033 padding_bottom=\u201c16\u2033 padding_left=\u201c16\u2033 padding_right=\u201c16\u2033 padding_top=\u201c16\u2033] Projektmanagement Spezialist f\u00fcr alle Fertigungstechnologien Automobil Interieur-Bauteile (Anlagen- und Werkzeugtechnik) Spritzgie\u00dfen, Klebetechnik, [\u2026]<\/p>\n","protected":false},"author":1,"featured_media":0,"parent":0,"menu_order":0,"comment_status":"closed","ping_status":"closed","template":"","meta":{"footnotes":""},"_links":{"self":[{"href":"https:\/\/www.evolution-team.com\/de-de\/wp-json\/wp\/v2\/pages\/12"}],"collection":[{"href":"https:\/\/www.evolution-team.com\/de-de\/wp-json\/wp\/v2\/pages"}],"about":[{"href":"https:\/\/www.evolution-team.com\/de-de\/wp-json\/wp\/v2\/types\/page"}],"author":[{"embeddable":true,"href":"https:\/\/www.evolution-team.com\/de-de\/wp-json\/wp\/v2\/users\/1"}],"replies":[{"embeddable":true,"href":"https:\/\/www.evolution-team.com\/de-de\/wp-json\/wp\/v2\/comments?post=12"}],"version-history":[{"count":8,"href":"https:\/\/www.evolution-team.com\/de-de\/wp-json\/wp\/v2\/pages\/12\/revisions"}],"predecessor-version":[{"id":706,"href":"https:\/\/www.evolution-team.com\/de-de\/wp-json\/wp\/v2\/pages\/12\/revisions\/706"}],"wp:attachment":[{"href":"https:\/\/www.evolution-team.com\/de-de\/wp-json\/wp\/v2\/media?parent=12"}],"curies":[{"name":"wp","href":"https:\/\/api.w.org\/{rel}","templated":true}]}}