{"id":20,"date":"2018-03-09T21:01:34","date_gmt":"2018-03-09T20:01:34","guid":{"rendered":"https:\/\/www.evolution-team.com\/de-de\/?page_id=20"},"modified":"2025-09-29T12:14:35","modified_gmt":"2025-09-29T10:14:35","slug":"impressum","status":"publish","type":"page","link":"https:\/\/www.evolution-team.com\/de-de\/impressum\/","title":{"rendered":"Impressum"},"content":{"rendered":"<section class=\"dv-content__section\" style=\"background:none 50% 50% \/ cover no-repeat scroll;background-color: rgba(255, 255, 255, 0);padding-bottom:32px;padding-top:32px;\"><div class=\"dv-content__section-inner dv-content--width-large\" style=\"padding-left:16px;padding-right:16px;\">\r\n<h2>Websitebetreiber<\/h2>\r\n<div class=\"dv-grid dv-grid--gap-\" style=\"margin-bottom:0px;margin-top:0px;\">\r\n<div class=\"dv-grid__cell dv-grid__cell--4 dv-grid__cell--4-phone dv-grid__cell--8-tablet dv-grid__cell--undefined-rows\" style=\"background:none 50% 50% \/ cover no-repeat scroll;background-color: rgba(255, 255, 255, 0);padding-bottom:0px;padding-left:0px;padding-right:0px;padding-top:0px;\">\r\n<div class=\"dv-list\" style=\"background-color:rgba(255, 255, 255, 0);color:rgb(0, 0, 0);\">\r\n<div class=\"dv-list__item\"><i class=\"material-icons\">person<\/i><div class=\"dv-list__text\"><span class=\"dv-list__primary-text\">GF: Ing. Bruno Sattlecker<\/span><\/div><\/div>\r\n<div class=\"dv-list__item dv-list__item--indent\"><div class=\"dv-list__text\"><span class=\"dv-list__primary-text\">HRB Nr.: FN 24 13 50 b<\/span><\/div><\/div>\r\n<div class=\"dv-list__item dv-list__item--indent\"><div class=\"dv-list__text\"><span class=\"dv-list__primary-text\">UID-Nr.: ATU 57 43 27 36<\/span><\/div><\/div>\r\n<div class=\"dv-list__item dv-list__item--indent\"><div class=\"dv-list__text\"><span class=\"dv-list__primary-text\">Registergericht: Ried im Innkreis<\/span><\/div><\/div>\r\n<\/div>\r\n<\/div>\r\n<div class=\"dv-grid__cell dv-grid__cell--8 dv-grid__cell--4-phone dv-grid__cell--8-tablet dv-grid__cell--undefined-rows\" style=\"background:none 50% 50% \/ cover no-repeat scroll;background-color: rgba(255, 255, 255, 0);padding-bottom:0px;padding-left:0px;padding-right:0px;padding-top:0px;\">\r\n<div class=\"dv-list\" style=\"background-color:rgba(255, 255, 255, 0);color:rgb(0, 0, 0);\">\r\n<div class=\"dv-list__item\"><i class=\"material-icons\">location_on<\/i><div class=\"dv-list__text\"><span class=\"dv-list__primary-text\">Unterlochnerstra\u00dfe 21b, A-5230 Mattighofen<\/span><\/div><\/div>\r\n<a href=\"tel:+43774231984\" class=\"dv-list__item\"><i class=\"material-icons\">phone<\/i><div class=\"dv-list__text\"><span class=\"dv-list__primary-text\">+43 7742 31984<\/span><\/div><\/a>\r\n<a href=\"mailto:bruno.sattlecker@evolution-team.com\" class=\"dv-list__item\"><i class=\"material-icons\">email<\/i><div class=\"dv-list__text\"><span class=\"dv-list__primary-text\">bruno.sattlecker@evolution-team.com<\/span><\/div><\/a>\r\n<\/div>\r\n<\/div>\r\n<\/div>\r\n<a class=\"dv-button\" href=\"https:\/\/www.evolution-team.com\/de-de\/datenschutzerklaerung\/\" style=\"background-color:rgb(136, 14, 79);color:rgb(255, 255, 255);\"><i class=\"material-icons\">launch<\/i><span class=\"dv-button__text\">Datenschutzerkl\u00e4rung<\/span><\/a>\r\n<\/div><\/section>\r\n<section class=\"dv-content__section\" style=\"background:none 50% 50% \/ cover no-repeat scroll;background-color: rgb(245, 245, 245);padding-bottom:32px;padding-top:32px;\"><div class=\"dv-content__section-inner dv-content--width-large\" style=\"padding-left:16px;padding-right:16px;\">\r\n<h2>Gestaltung und technische Umsetzung<\/h2>\r\n<div class=\"dv-list\" style=\"background-color:rgba(255, 255, 255, 0);color:rgb(0, 0, 0);\">\r\n<div class=\"dv-list__item\"><i class=\"material-icons\">person<\/i><div class=\"dv-list__text\"><span class=\"dv-list__primary-text\">Dynamic-Visual (Mike Krister)<\/span><\/div><\/div>\r\n<a href=\"mailto:info@dynamic-visual.com\" class=\"dv-list__item\"><i class=\"material-icons\">email<\/i><div class=\"dv-list__text\"><span class=\"dv-list__primary-text\">info@dynamic-visual.com<\/span><\/div><\/a>\r\n<a href=\"https:\/\/www.dynamic-visual.com\" class=\"dv-list__item\"><i class=\"material-icons\">public<\/i><div class=\"dv-list__text\"><span class=\"dv-list__primary-text\">www.dynamic-visual.com<\/span><\/div><\/a>\r\n<\/div>\r\n<\/div><\/section>\r\n<section class=\"dv-content__section\" style=\"background:none 50% 50% \/ cover no-repeat scroll;background-color: rgba(255, 255, 255, 0);padding-bottom:32px;padding-top:32px;\"><div class=\"dv-content__section-inner dv-content--width-large\" style=\"padding-left:16px;padding-right:16px;\">\r\n<h2>Haftungsausschluss<\/h2>\r\n<h3>Inhalt des Onlineangebotes<\/h3>\r\n<p>Der Autor \u00fcbernimmt keinerlei Gew\u00e4hr f\u00fcr die Aktualit\u00e4t, Korrektheit, Vollst\u00e4ndigkeit oder Qualit\u00e4t der bereitgestellten Informationen. Haftungsanspr\u00fcche gegen den Autor, welche sich auf Sch\u00e4den materieller oder ideeller Art beziehen, die durch die Nutzung oder Nichtnutzung der dargebotenen Informationen bzw. durch die Nutzung fehlerhafter und unvollst\u00e4ndiger Informationen verursacht wurden, sind grunds\u00e4tzlich ausgeschlossen, sofern seitens des Autors kein nachweislich vors\u00e4tzliches oder grob fahrl\u00e4ssiges Verschulden vorliegt. Alle Angebote sind freibleibend und unverbindlich. Der Autor beh\u00e4lt es sich ausdr\u00fccklich vor, Teile der Seiten oder das gesamte Angebot ohne gesonderte Ank\u00fcndigung zu ver\u00e4ndern, zu erg\u00e4nzen, zu l\u00f6schen oder die Ver\u00f6ffentlichung zeitweise oder endg\u00fcltig einzustellen.<\/p>\r\n<h3>Verweise und Links<\/h3>\r\n<p>Bei direkten oder indirekten Verweisen auf fremde Webseiten (Hyperlinks), die au\u00dferhalb des Verantwortungsbereiches des Autors liegen, w\u00fcrde eine Haftungsverpflichtung ausschlie\u00dflich in dem Fall in Kraft treten, in dem der Autor von den Inhalten Kenntnis hat und es ihm technisch m\u00f6glich und zumutbar w\u00e4re, die Nutzung im Falle rechtswidriger Inhalte zu verhindern. Der Autor erkl\u00e4rt hiermit ausdr\u00fccklich, dass zum Zeitpunkt der Linksetzung keine illegalen Inhalte auf den zu verlinkenden Seiten erkennbar waren. Auf die aktuelle und zuk\u00fcnftige Gestaltung, die Inhalte oder die Urheberschaft der verlinkten\/verkn\u00fcpften Seiten hat der Autor keinerlei Einfluss. Deshalb distanziert er sich hiermit ausdr\u00fccklich von allen Inhalten aller verlinkten \/verkn\u00fcpften Seiten, die nach der Linksetzung ver\u00e4ndert wurden. Diese Feststellung gilt f\u00fcr alle innerhalb des eigenen Internetangebotes gesetzten Links und Verweise sowie f\u00fcr Fremdeintr\u00e4ge in vom Autor eingerichteten G\u00e4steb\u00fcchern, Diskussionsforen, Linkverzeichnissen, Mailinglisten und in allen anderen Formen von Datenbanken, auf deren Inhalt externe Schreibzugriffe m\u00f6glich sind. F\u00fcr illegale, fehlerhafte oder unvollst\u00e4ndige Inhalte und insbesondere f\u00fcr Sch\u00e4den, die aus der Nutzung oder Nichtnutzung solcherart dargebotener Informationen entstehen, haftet allein der Anbieter der Seite, auf welche verwiesen wurde, nicht derjenige, der \u00fcber Links auf die jeweilige Ver\u00f6ffentlichung lediglich verweist.<\/p>\r\n<h3>Urheber- und Kennzeichenrecht<\/h3>\r\n<p>Der Autor ist bestrebt, in allen Publikationen die Urheberrechte der verwendeten Grafiken, Tondokumente, Videosequenzen und Texte zu beachten, von ihm selbst erstellte Grafiken, Tondokumente, Videosequenzen und Texte zu nutzen oder auf lizenzfreie Grafiken, Tondokumente, Videosequenzen und Texte zur\u00fcckzugreifen. Alle innerhalb des Internetangebotes genannten und ggf. durch Dritte gesch\u00fctzten Marken- und Warenzeichen unterliegen uneingeschr\u00e4nkt den Bestimmungen des jeweils g\u00fcltigen Kennzeichenrechts und den Besitzrechten der jeweiligen eingetragenen Eigent\u00fcmer. Allein aufgrund der blo\u00dfen Nennung ist nicht der Schluss zu ziehen, dass Markenzeichen nicht durch Rechte Dritter gesch\u00fctzt sind! Das Copyright f\u00fcr ver\u00f6ffentlichte, vom Autor selbst erstellte Objekte bleibt allein beim Autor der Seiten. Eine Vervielf\u00e4ltigung oder Verwendung solcher Grafiken, Tondokumente, Videosequenzen und Texte in anderen elektronischen oder gedruckten Publikationen ist ohne ausdr\u00fcckliche Zustimmung des Autors nicht gestattet.<\/p>\r\n<h3>Rechtswirksamkeit dieses Haftungsausschlusses<\/h3>\r\n<p>Dieser Haftungsausschluss ist als Teil des Internetangebotes zu betrachten, von dem aus auf diese Seite verwiesen wurde. Sofern Teile oder einzelne Formulierungen dieses Textes der geltenden Rechtslage nicht, nicht mehr oder nicht vollst\u00e4ndig entsprechen sollten, bleiben die \u00fcbrigen Teile des Dokumentes in ihrem Inhalt und ihrer G\u00fcltigkeit davon unber\u00fchrt.<\/p>\r\n<\/div><\/section>\r\n","protected":false},"excerpt":{"rendered":"<p>[dv-theme-section background_color=\u201crgba(255, 255, 255, 0)\u201c background_image=\u201cnone 50% 50% \/ cover no-repeat scroll\u201c border_bottom=\u201c0\u2033 border_top=\u201c0\u2033 color=\u201crgb(0, 0, 0)\u201c inner_width=\u201clarge\u201c padding_bottom=\u201c32\u2033 padding_top=\u201c32\u2033] Websitebetreiber [dv-theme-grid gutter=\u201c24\u2033 margin_bottom=\u201c\u201c margin_top=\u201c\u201c] [dv-theme-cell background_color=\u201c\u201c background_image=\u201c\u201c color=\u201c\u201c columns=\u201c4\u2033 columns_on_phone=\u201c4\u2033 columns_on_tablet=\u201c8\u2033 padding_bottom=\u201c\u201c padding_left=\u201c\u201c padding_right=\u201c\u201c padding_top=\u201c\u201c] [dv-theme-list background_color=\u201crgba(255, 255, 255, 0)\u201c color=\u201crgb(0, 0, 0)\u201c] [dv-theme-item icon=\u201c\u201c link=\u201c\u201c icon=\u201cperson\u201c indent=\u201cfalse\u201c secondary_text=\u201c\u201c primary_text=\u201cGF: Ing. Bruno [\u2026]<\/p>\n","protected":false},"author":1,"featured_media":0,"parent":0,"menu_order":0,"comment_status":"closed","ping_status":"closed","template":"","meta":{"footnotes":""},"_links":{"self":[{"href":"https:\/\/www.evolution-team.com\/de-de\/wp-json\/wp\/v2\/pages\/20"}],"collection":[{"href":"https:\/\/www.evolution-team.com\/de-de\/wp-json\/wp\/v2\/pages"}],"about":[{"href":"https:\/\/www.evolution-team.com\/de-de\/wp-json\/wp\/v2\/types\/page"}],"author":[{"embeddable":true,"href":"https:\/\/www.evolution-team.com\/de-de\/wp-json\/wp\/v2\/users\/1"}],"replies":[{"embeddable":true,"href":"https:\/\/www.evolution-team.com\/de-de\/wp-json\/wp\/v2\/comments?post=20"}],"version-history":[{"count":9,"href":"https:\/\/www.evolution-team.com\/de-de\/wp-json\/wp\/v2\/pages\/20\/revisions"}],"predecessor-version":[{"id":692,"href":"https:\/\/www.evolution-team.com\/de-de\/wp-json\/wp\/v2\/pages\/20\/revisions\/692"}],"wp:attachment":[{"href":"https:\/\/www.evolution-team.com\/de-de\/wp-json\/wp\/v2\/media?parent=20"}],"curies":[{"name":"wp","href":"https:\/\/api.w.org\/{rel}","templated":true}]}}