{"id":5,"date":"2018-03-09T20:36:29","date_gmt":"2018-03-09T19:36:29","guid":{"rendered":"https:\/\/www.evolution-team.com\/de-de\/?page_id=5"},"modified":"2025-09-30T21:11:27","modified_gmt":"2025-09-30T19:11:27","slug":"start","status":"publish","type":"page","link":"https:\/\/www.evolution-team.com\/de-de\/","title":{"rendered":"Start"},"content":{"rendered":"<section style=\"overflow: hidden; position: relative;\">\r\n<div style=\"padding-bottom: 64px; padding-top: 96px; visibility: hidden;\">\r\n<h1 class=\"dv-typography--display-1\" style=\"color: #fff; text-align: center;\"><strong>kalkulieren &#8211; optimieren<br>erfolgreich produzieren<\/strong><\/h1>\r\n<h3 style=\"color: #fff; text-align: center;\">in der Automobil und Kunststoff verarbeitenden Industrie<\/h3>\r\n<h6 style=\"color: #f48fb1; text-align: center;\"><strong>Verdienen Sie Ihr Geld in der Produktion.<\/strong><br>Unser Cost-Engineering mit erfahrenen Mitarbeitern aus der Entwicklung und dem Manufacturing<br>unterst\u00fctzt Sie zur Best-Price &amp; Best Practice Umsetzung Ihrer Vorhaben.<br><br>Durch optimal gestaltete Fertigungsabl\u00e4ufe und Betriebsmittel in der gesamten Prozesskette<br>sowie kurzfristig verf\u00fcgbare Spezialisten mit Automotive Erfahrung zur Umsetzung Ihrer Ziele.<\/h6>\r\n<\/div>\r\n<div style=\"bottom: 0; left: 0; position: absolute; right: 0; top: 0;\">\r\n<div class=\"dv-slider\" data-transition-active=\"1\" data-transition-type=\"fade\" style=\"background-color: rgb(0, 0, 0); height: 1024px; margin-bottom: 0; margin-top: 0; width: 100%;\"><div class=\"dv-slider__slides\"><div class=\"dv-slider__slide\" style=\"background: url(https:\/\/www.evolution-team.com\/wp-content\/uploads\/DSC040921.jpg) 50% 50% \/ cover no-repeat fixed rgba(255, 255, 255, 0);\" data-duration=\"3\" data-url=\"\"> <\/div><div class=\"dv-slider__slide\" style=\"background: url(https:\/\/www.evolution-team.com\/wp-content\/uploads\/DSC03952.jpg) 50% 50% \/ cover no-repeat fixed rgba(255, 255, 255, 0);\" data-duration=\"3\" data-url=\"\"> <\/div><div class=\"dv-slider__slide\" style=\"background: url(https:\/\/www.evolution-team.com\/wp-content\/uploads\/DSC04003.jpg) 50% 50% \/ cover no-repeat fixed rgba(255, 255, 255, 0);\" data-duration=\"3\" data-url=\"\"> <\/div><div class=\"dv-slider__slide\" style=\"background: url(https:\/\/www.evolution-team.com\/wp-content\/uploads\/DSC03716.jpg) 50% 50% \/ cover no-repeat fixed rgba(255, 255, 255, 0);\" data-duration=\"3\" data-url=\"\"> <\/div><div class=\"dv-slider__slide\" style=\"background: url(https:\/\/www.evolution-team.com\/wp-content\/uploads\/DSC03773.jpg) 50% 50% \/ cover no-repeat fixed rgba(255, 255, 255, 0);\" data-duration=\"3\" data-url=\"\"> <\/div><\/div><\/div>\r\n<\/div>\r\n<div style=\"bottom: 0; left: 0; padding-bottom: 64px; padding-top: 96px; position: absolute; right: 0; top: 0;\">\r\n<h1 class=\"dv-typography--display-1\" style=\"color: #fff; text-align: center;\"><strong>kalkulieren &#8211; optimieren<br>erfolgreich produzieren<\/strong><\/h1>\r\n<h3 style=\"color: #fff; text-align: center;\">in der Automobil- und Zulieferindustrie<\/h3>\r\n<h6 style=\"color: #f48fb1; text-align: center;\"><span style=\"color: #9fa8da;\"><strong>Verdienen Sie Ihr Geld in der Produktion.<\/strong><\/span><br><span style=\"color: #9fa8da;\">Unser Cost-Engineering mit erfahrenen Mitarbeitern aus der Entwicklung und dem Manufacturing<\/span><br><span style=\"color: #9fa8da;\">unterst\u00fctzt Sie zur Best-Price &amp; Best Practice Umsetzung Ihrer Vorhaben.<\/span><br><br><span style=\"color: #9fa8da;\">Durch optimal gestaltete Fertigungsabl\u00e4ufe und Betriebsmittel in der gesamten Prozesskette<\/span><br><span style=\"color: #9fa8da;\">sowie kurzfristig verf\u00fcgbare Spezialisten mit Automotive Erfahrung zur Umsetzung Ihrer Ziele.<\/span><\/h6>\r\n<\/div>\r\n<\/section>\r\n<section class=\"dv-content__section\" style=\"background:none 50% 50% \/ cover no-repeat scroll;background-color: rgba(255, 255, 255, 0);padding-bottom:32px;padding-top:32px;\"><div class=\"dv-content__section-inner dv-content--width-large\" style=\"padding-left:16px;padding-right:16px;\">\r\n<h2>Wir bieten<\/h2>\r\n<div class=\"dv-grid dv-grid--gap-\" style=\"margin-bottom:16px;margin-top:16px;\">\r\n<div class=\"dv-grid__cell dv-grid__cell--6 dv-grid__cell--4-phone dv-grid__cell--8-tablet dv-grid__cell--undefined-rows\" style=\"background:none 50% 50% \/ cover no-repeat scroll;background-color: rgb(245, 245, 245);padding-bottom:0px;padding-left:0px;padding-right:0px;padding-top:0px;\">\r\n<div class=\"dv-list\" style=\"background-color:rgba(255, 255, 255, 0);color:rgb(0, 0, 0);\">\r\n<div class=\"dv-list__item\"><i class=\"material-icons\">extension<\/i><div class=\"dv-list__text\"><span class=\"dv-list__primary-text\">Changemanagement im Kostenbewusstsein<\/span><span class=\"dv-list__secondary-text\">Kostentransparenz - Kostenbewusstsein - Umsetzung (Kostanalytik, Verbesserung der Kostenwahrheit, Optimierung der Prozesse in Ihrer gesamten Organisation)<\/span><\/div><\/div>\r\n<div class=\"dv-list__item\"><i class=\"material-icons\">extension<\/i><div class=\"dv-list__text\"><span class=\"dv-list__primary-text\">Kalkulation der Produktkosten<\/span><span class=\"dv-list__secondary-text\">Kalkulation der Herstellkosten Ihres Produktes unter dem Gesichtspunkt des optimalen Herstellverfahrens<\/span><\/div><\/div>\r\n<div class=\"dv-list__item\"><i class=\"material-icons\">extension<\/i><div class=\"dv-list__text\"><span class=\"dv-list__primary-text\">Kalkulation von Werkzeugen und Sonderbetriebsmitteln<\/span><span class=\"dv-list__secondary-text\">zur \u201eBest Price\u201c und \u201eBest Practice\u201c Beschaffung<\/span><\/div><\/div>\r\n<\/div>\r\n<\/div>\r\n<div class=\"dv-grid__cell dv-grid__cell--6 dv-grid__cell--4-phone dv-grid__cell--8-tablet dv-grid__cell--undefined-rows\" style=\"background:none 50% 50% \/ cover no-repeat scroll;background-color: rgb(245, 245, 245);padding-bottom:0px;padding-left:0px;padding-right:0px;padding-top:0px;\">\r\n<div class=\"dv-list\" style=\"background-color:rgba(255, 255, 255, 0);color:rgb(0, 0, 0);\">\r\n<div class=\"dv-list__item\"><i class=\"material-icons\">extension<\/i><div class=\"dv-list__text\"><span class=\"dv-list__primary-text\">Interims-Management<\/span><span class=\"dv-list__secondary-text\">(Projektmanager im Engineering, Industrialisierung, Qualit\u00e4t, Logistik, Werkzeug- und Anlagentechnik, Anwendungstechnik und Prozessoptimierung)<\/span><\/div><\/div>\r\n<div class=\"dv-list__item\"><i class=\"material-icons\">extension<\/i><div class=\"dv-list__text\"><span class=\"dv-list__primary-text\">Lieferantentracking f\u00fcr Einzelkomponenten, Maschinen und Werkzeuge<\/span><span class=\"dv-list__secondary-text\">Sie starten Ihre Produktion zeitgerecht und ordnungsgem\u00e4\u00df<\/span><\/div><\/div>\r\n<div class=\"dv-list__item\"><i class=\"material-icons\">extension<\/i><div class=\"dv-list__text\"><span class=\"dv-list__primary-text\">Inbetriebnahmeunterst\u00fctzung<\/span><span class=\"dv-list__secondary-text\">bis zum SOP<\/span><\/div><\/div>\r\n<div class=\"dv-list__item\"><i class=\"material-icons\">extension<\/i><div class=\"dv-list__text\"><span class=\"dv-list__primary-text\">Prozess- und Fertigungsoptimierung<\/span><span class=\"dv-list__secondary-text\">Sie erreichen Ihre Soll-St\u00fcckzahl<\/span><\/div><\/div>\r\n<div class=\"dv-list__item\"><i class=\"material-icons\">extension<\/i><div class=\"dv-list__text\"><span class=\"dv-list__primary-text\">Relocation von Produktionslinien<\/span><span class=\"dv-list__secondary-text\">die Produktion startet in Ihrem neuem Werk zum geplanten Termin<\/span><\/div><\/div>\r\n<\/div>\r\n<\/div>\r\n<\/div>\r\n<a class=\"dv-button\" href=\"https:\/\/www.evolution-team.com\/de-de\/kunden\/\" style=\"background-color:rgb(136, 14, 79);color:rgb(252, 228, 236);\"><i class=\"material-icons\">launch<\/i><span class=\"dv-button__text\">Kunden<\/span><\/a>\r\n<a class=\"dv-button\" href=\"https:\/\/www.evolution-team.com\/de-de\/leistungen\/\" style=\"background-color:rgb(136, 14, 79);color:rgb(252, 228, 236);\"><i class=\"material-icons\">launch<\/i><span class=\"dv-button__text\">Leistungen<\/span><\/a>\r\n<\/div><\/section>\r\n<section class=\"dv-content__section\" style=\"background:none 50% 50% \/ cover no-repeat scroll;background-color: rgba(255, 255, 255, 0);padding-bottom:32px;padding-top:32px;\"><div class=\"dv-content__section-inner dv-content--width-large\" style=\"padding-left:16px;padding-right:16px;\">\r\n<div class=\"dv-grid dv-grid--gap-\" style=\"margin-bottom:0px;margin-top:0px;\">\r\n<div class=\"dv-grid__cell dv-grid__cell--6 dv-grid__cell--4-phone dv-grid__cell--8-tablet dv-grid__cell--undefined-rows\" style=\"background:none 50% 50% \/ cover no-repeat scroll;background-color: rgba(255, 255, 255, 0);padding-bottom:0px;padding-left:0px;padding-right:0px;padding-top:0px;\">\r\n<h2>\u00dcber uns<\/h2>\r\n<p><span>Wir sind ein erfahrenes und engagiertes Unternehmen, welches in der Automobil- und Zuliefererindustrie t\u00e4tig ist.<\/span><\/p>\r\n<p><span>Durch unser breit gef\u00e4chertes Know-How kennen wir die Produkte und die m\u00f6glichen Prozesstechnologien.<\/span><\/p>\r\n<p><span>Durch unser Know-How bei Fertigungsprozessen, sowie Werkzeug- und Maschinenauslegungen helfen wir Ihnen, die f\u00fcr Ihr Fertigungsverfahren besten Anlagen und Werkzeuge zu beschaffen.<\/span><\/p>\r\n<p><span>Im Werkzeug- und Maschinenbau koordinieren wir Ihre Lieferanten f\u00fcr eine termingerechte Lieferung Ihrer Betriebsmittel.<\/span><\/p>\r\n<p><span>Bei der Anlaufkoordinierung unterst\u00fctzen wir Sie schnell Ihre Produktion hoch zu fahren.<\/span><\/p>\r\n<p><span>Weiters unterst\u00fctzen wir Sie im Interimsmanagement, bei der Optimierung von Fertigungsabl\u00e4ufen, als auch in der Technik.<\/span><\/p>\r\n<\/div>\r\n<div class=\"dv-grid__cell dv-grid__cell--6 dv-grid__cell--4-phone dv-grid__cell--8-tablet dv-grid__cell--undefined-rows\" style=\"background:none 50% 50% \/ cover no-repeat scroll;background-color: rgba(255, 255, 255, 0);padding-bottom:0px;padding-left:0px;padding-right:0px;padding-top:0px;\">\r\n<h2>Firmengeschichte<\/h2>\r\n<p><span>Im Jahr 2000 wurde die Firma evolution-team durch Ing. Bruno Sattlecker gegr\u00fcndet, mit dem Schwerpunkt<strong>\u201evon der Verfahrensentwicklung bis hin zum Serienanlauf in der Produktion\u201c<\/strong>.<\/span><\/p>\r\n<p><span>Zu unseren Kunden z\u00e4hlen OEM\u2019s und Tier-1-Systemlieferanten.<\/span><\/p>\r\n<p><span>Seit dem Jahr 2006 bewerten wir Produktkosten, Werkzeuge, Maschinen und Vorrichtungen. Wir helfen Ihnen die besten Hersteller von Betriebsmitteln und Zulieferteile f\u00fcr Ihr Produkt und Ihre Prozesse zu finden.<\/span><\/p>\r\n<p><strong>detaillierte Projekt\u00fcbersicht:<\/strong><\/p>\r\n<a class=\"dv-button\" href=\"mailto:bruno.sattlecker@evolution-team.com\" style=\"background-color:rgb(136, 14, 79);color:rgb(252, 228, 236);\"><i class=\"material-icons\">email<\/i><span class=\"dv-button__text\">Auf Anfrage per E-Mail<\/span><\/a>\r\n<\/div>\r\n<\/div>\r\n<\/div><\/section>\r\n","protected":false},"excerpt":{"rendered":"<p>[dv-slider-slider slider_id=\u201c2\u2033 slider_title=\u201cHome\u201c][\/dv-slider-slider] kalkulieren \u2013 optimierenerfolgreich produzieren in der Automobil und Kunststoff verarbeitenden Industrie Verdienen Sie Ihr Geld in der Produktion.Durch optimal gestaltete Fertigungsabl\u00e4ufe und Betriebsmittel in der gesamten Prozesskettesowie kurzfristig verf\u00fcgbare Spezialisten mit Automotive Erfahrung zur Umsetzung Ihrer Ziele. [dv-theme-section background_color=\u201crgba(255, 255, 255, 0)\u201c background_image=\u201cnone 50% 50% \/ cover no-repeat scroll\u201c border_bottom=\u201c0\u2033 border_top=\u201c0\u2033 color=\u201crgba(0, [\u2026]<\/p>\n","protected":false},"author":1,"featured_media":0,"parent":0,"menu_order":0,"comment_status":"closed","ping_status":"closed","template":"","meta":{"footnotes":""},"_links":{"self":[{"href":"https:\/\/www.evolution-team.com\/de-de\/wp-json\/wp\/v2\/pages\/5"}],"collection":[{"href":"https:\/\/www.evolution-team.com\/de-de\/wp-json\/wp\/v2\/pages"}],"about":[{"href":"https:\/\/www.evolution-team.com\/de-de\/wp-json\/wp\/v2\/types\/page"}],"author":[{"embeddable":true,"href":"https:\/\/www.evolution-team.com\/de-de\/wp-json\/wp\/v2\/users\/1"}],"replies":[{"embeddable":true,"href":"https:\/\/www.evolution-team.com\/de-de\/wp-json\/wp\/v2\/comments?post=5"}],"version-history":[{"count":55,"href":"https:\/\/www.evolution-team.com\/de-de\/wp-json\/wp\/v2\/pages\/5\/revisions"}],"predecessor-version":[{"id":726,"href":"https:\/\/www.evolution-team.com\/de-de\/wp-json\/wp\/v2\/pages\/5\/revisions\/726"}],"wp:attachment":[{"href":"https:\/\/www.evolution-team.com\/de-de\/wp-json\/wp\/v2\/media?parent=5"}],"curies":[{"name":"wp","href":"https:\/\/api.w.org\/{rel}","templated":true}]}}