{"id":504,"date":"2018-05-24T14:25:12","date_gmt":"2018-05-24T12:25:12","guid":{"rendered":"https:\/\/www.evolution-team.com\/de-de\/?page_id=504"},"modified":"2018-05-24T21:17:47","modified_gmt":"2018-05-24T19:17:47","slug":"datenschutzerklaerung","status":"publish","type":"page","link":"https:\/\/www.evolution-team.com\/de-de\/datenschutzerklaerung\/","title":{"rendered":"Datenschutzerkl\u00e4rung"},"content":{"rendered":"<section class=\"dv-content__section\" style=\"background:none 50% 50% \/ cover no-repeat scroll;background-color: rgba(255, 255, 255, 0);padding-bottom:32px;padding-top:32px;\"><div class=\"dv-content__section-inner dv-content--width-large\" style=\"padding-left:16px;padding-right:16px;\">\r\n<p>Verantwortlich f\u00fcr die Verarbeitung Ihrer personenbezogenen Daten auf unserer Website ist die evolution-team projektmanagement gmbh.<\/p>\r\n<p>Die weiteren Daten der evolution-team projektmanagement gmbh finden Sie im <a title=\"\u201cImpressum\u201c\" href=\"https:\/\/www.evolution-team.com\/de-de\/impressum\/\">Impressum<\/a>.<\/p>\r\n<h2>Datenschutz<\/h2>\r\n<p>Wir nehmen den Schutz Ihrer personenbezogenen Daten sehr ernst. Wir verarbeiten Ihre personenbezogenen Daten entsprechend der gesetzlichen Datenschutzvorschriften sowie dieser Datenschutzerkl\u00e4rung. Die Nutzung unserer Webseite ist ohne Angabe personenbezogener Daten m\u00f6glich. Wenn Sie uns Ihre personenbezogenen Daten \u00fcber die Website ausgel\u00f6st mailen erfolgt dies auf rein freiwilliger Basis.<\/p>\r\n<h2>Auftragsverarbeiter, Empf\u00e4nger<\/h2>\r\n<p>Wir verarbeiten Ihre personenbezogenen Daten mit der Unterst\u00fctzung von Auftragsverarbeitern, welche uns bei der Bereitstellung von Diensten unterst\u00fctzen (z.B. Webhoster). Diese Auftragsverarbeiter sind zum strengen Schutz Ihrer personenbezogenen Daten verpflichtet und d\u00fcrfen Ihre personenbezogenen Daten zu keinem anderen Zweck als zur Bereitstellung unserer Dienste verarbeiten. Eine Weitergabe Ihrer personenbezogenen Daten erfolgt nur an wirtschaftstypische Dienstleister wie z.B. Banken (im Fall von \u00dcberweisungen an Sie), Steuerberater (falls Sie in unserer Buchhaltung vorkommen).<\/p>\r\n<h2>Anfrage per E-Mail an uns<\/h2>\r\n<p>Nach Eingang Ihrer Anfragemail erfolgt eine Verarbeitung der von Ihnen gesendeten personenbezogenen Daten durch den datenschutzrechtlich Verantwortlichen zum Zweck der Bearbeitung Ihrer Anfrage auf Grundlage Ihrer durch das Absenden des Mails erteilten Einwilligung. Es besteht keine gesetzliche oder vertragliche Verpflichtung zur Bereitstellung der personenbezogenen Daten. Die Nichtbereitstellung hat lediglich zur Folge, dass Sie Ihr Anliegen nicht \u00fcbermitteln und wir dieses nicht bearbeiten k\u00f6nnen. Sie haben das Recht, Ihre Einwilligung jederzeit durch schriftliche Mitteilung zu widerrufen, ohne dass die Rechtm\u00e4\u00dfigkeit der aufgrund der Einwilligung bis zum Widerruf erfolgten Verarbeitung ber\u00fchrt wird. Sie haben das Recht, der Verwendung Ihrer personenbezogenen Daten zum Zweck der Direktwerbung jederzeit durch schriftliche Mitteilung zu widersprechen. Im Fall des Widerspruchs werden Ihre personenbezogenen Daten nicht mehr zum Zweck der Direktwerbung verarbeitet. \u2003<\/p>\r\n<h2>Cookies<\/h2>\r\n<p>Diese Website verwendet Cookies. Cookies machen Websites f\u00fcr den Benutzer benutzerfreundlicher und effizienter. Ein Cookie ist eine kleine Textdatei, die zur Speicherung von Informationen dient. Beim Besuch einer Website kann die Website auf dem Computer des Website-Besuchers ein Cookie platzieren. Besucht der Benutzer die Website sp\u00e4ter wieder, kann die Website die Daten des fr\u00fcher gespeicherten Cookies auslesen und so z.B. feststellen, ob der Benutzer die Website schon fr\u00fcher besucht hat und f\u00fcr welche Bereiche der Website sich der Benutzer besonders interessiert hat. Mehr Informationen zu Cookies erhalten Sie auf <a href=\"https:\/\/de.wikipedia.org\/wiki\/HTTP-Cookie\">WIKIPEDIA<\/a>.<\/p>\r\n<h3>\u00c4ndern der Cookie-Einstellungen<\/h3>\r\n<p>Wie der Web-Browser mit Cookies umgeht, welche Cookies zugelassen oder abgelehnt werden, kann der Benutzer in den Einstellungen des Web-Browsers festlegen. Wo genau sich diese Einstellungen befinden, h\u00e4ngt vom jeweiligen Web-Browser ab. Detailinformationen dazu k\u00f6nnen \u00fcber die Hilfe-Funktion des jeweiligen Web-Browsers aufgerufen werden. Wenn die Nutzung von Cookies eingeschr\u00e4nkt wird, sind unter Umst\u00e4nden nicht mehr alle Funktionen dieser Website vollumf\u00e4nglich nutzbar.<\/p>\r\n<h3>Cookies auf unserer Website<\/h3>\r\n<p><span>Unsere Website verarbeitet folgende Cookies:<\/span><\/p>\r\n<ul>\r\n<li>\r\n<p><span>Google Analytics<\/span><\/p>\r\n<\/li>\r\n<\/ul>\r\n<h2>Server Log File<\/h2>\r\n<p>Diese Website verarbeitet zum Zweck der \u00dcberwachung der technischen Funktion und zur Erh\u00f6hung der Betriebssicherheit des Webservers auf Grundlage des \u00fcberwiegenden berechtigten Interesses des Verantwortlichen (technische Sicherheitsma\u00dfnahmen) folgende personenbezogene Daten in einem Server Log File:<\/p>\r\n<ul>\r\n<li>aufgerufener Inhalt<\/li>\r\n<li>Uhrzeit der Serveranfrage<\/li>\r\n<li>Browsertyp \/ Browserversion<\/li>\r\n<li>verwendetes Betriebssystem<\/li>\r\n<li>Referrer URL<\/li>\r\n<li>IP-Adresse<\/li>\r\n<li>Hostname<\/li>\r\n<\/ul>\r\n<p>Die Daten werden nicht personalisiert und stets getrennt von anderen personenbezogenen Daten gespeichert. \u2003<\/p>\r\n<h2>Google Analytics<\/h2>\r\n<p>Diese Website verwendet Google Analytics, einen Webanalysedienst der Google Inc, 1600 Amphitheatre Parkway Mountain View, CA 94043, USA (\u201eGoogle\u201c) auf der Rechtsgrundlage des \u00fcberwiegenden berechtigten Interesses (Analyse der Websitenutzung). Wir haben dazu mit Google einen Vertrag zur Auftragsdatenverarbeitung abgeschlossen. Beim Aufruf unserer Webseite wird \u00fcber eine Software eine Verbindung zu den Servern von Google hergestellt und Daten an teils in den USA befindliche Server von Google \u00fcbermittelt. Google Analytics verwendet zudem Cookies zur Speicherung von Informationen \u00fcber den Website-Benutzer und zur Analyse der Benutzung der Website durch die Website-Benutzer. Diese Website nutzt die Funktion &#8222;IP-Anonymisierung&#8220;. Dadurch wird Ihre IP-Adresse von Google innerhalb von Mitgliedstaaten der Europ\u00e4ischen Union oder in anderen Vertragsstaaten des Abkommens \u00fcber den Europ\u00e4ischen Wirtschaftsraum zuvor gek\u00fcrzt und damit anonymisiert. Nur in Ausnahmef\u00e4llen wird die volle IP-Adresse an einen Server von Google in den USA \u00fcbertragen und dort gek\u00fcrzt. Laut Angaben von Google wird Google die erhobenen Daten benutzen, um die Nutzung der Website auszuwerten, um Reports \u00fcber die Websiteaktivit\u00e4ten zusammenzustellen und um weitere mit der Websitenutzung und der Internetnutzung verbundene Dienstleistungen zu erbringen. Auch wird Google diese Informationen gegebenenfalls an Dritte \u00fcbertragen, sofern dies gesetzlich vorgeschrieben ist oder soweit Dritte diese Daten im Auftrag von Google verarbeiten. Detaillierte Informationen zum Umgang mit Nutzerdaten bei Google Analytics finden Sie in der Datenschutzerkl\u00e4rung von Google <a href=\"https:\/\/www.google.com\/intl\/de\/policies\/privacy\/\">Google<\/a> bzw. von <a href=\"https:\/\/support.google.com\/analytics\/answer\/6004245?hl=de\">Google Analytics<\/a>.<\/p>\r\n<h3>Google Analytics deaktivieren<\/h3>\r\n<ul><!-- Den n\u00e4chsten Punkt nur, wenn \u201edoNotTrack\u201c ber\u00fccksichtigt wird. (Die technische Umsetzung findet sich im Quellcode von lawoffice.at) -->\r\n<li>Sie k\u00f6nnen die Erfassung Ihrer Nutzerdaten auf unserer Website generell verhindern, indem Sie in Ihrem Webbrowser \u201eDo Not Track\u201c einstellen. Unsere Website ber\u00fccksichtigt das \u201eDo Not Track\u201c-Signal, das Ihr Webbrowser dann an alle Websites sendet.<\/li>\r\n<li>Sie k\u00f6nnen die Erfassung Ihrer Nutzerdaten durch Google Analytics generell auf allen Websites verhindern, indem Sie das unter dem folgenden Link verf\u00fcgbare Browser-Plugin herunterladen und installieren: <a href=\"https:\/\/tools.google.com\/dlpage\/gaoptout?hl=de\">https:\/\/tools.google.com\/dlpage\/gaoptout?hl=de<\/a><\/li>\r\n<!-- (Die technische Umsetzung des n\u00e4chsten Punkts findet sich im Quellcode von lawoffice.at) -->\r\n<li>Sie k\u00f6nnen die Erfassung Ihrer Nutzerdaten durch Google Analytics nur auf dieser Website verhindern, indem Sie auf folgenden Link klicken. Es wird ein Opt-Out-Cookie gesetzt, das die Erfassung Ihrer Daten bei zuk\u00fcnftigen Besuchen dieser Website verhindert: <a>Google Analytics deaktivieren<\/a>.<\/li>\r\n<\/ul>\r\n<h2>Ihre Rechte<\/h2>\r\n<p>Sie haben das Recht auf Auskunft, Berichtigung, L\u00f6schung und Einschr\u00e4nkung der Verarbeitung der personenbezogenen Daten. Soweit die Rechtsgrundlage der Verarbeitung Ihrer personenbezogenen Daten in Ihrer Einwilligung oder in einem mit Ihnen abgeschlossenen Vertrag besteht, haben Sie zudem das Recht auf Daten\u00fcbertragbarkeit. Sie haben das Recht auf Widerruf einer eventuell erteilten Einwilligung zur Verarbeitung Ihrer personenbezogenen Daten. Die Rechtm\u00e4\u00dfigkeit der Verarbeitung der personenbezogenen Daten bis zum Widerruf wird durch den Widerruf nicht ber\u00fchrt. Sie haben das Recht auf Widerspruch gegen die Verarbeitung Ihrer personenbezogenen Daten zum Zweck der Direktwerbung. Im Fall des Widerspruchs werden Ihre personenbezogenen Daten nicht mehr zum Zwecke der Direktwerbung verarbeitet. Weiters haben Sie das Recht auf Beschwerde bei der Aufsichtsbeh\u00f6rde (\u00d6sterreichische Datenschutzbeh\u00f6rde, Wickenburggasse 8, 1080 Wien, dsb@dsb.gv.at).<\/p>\r\n<h2>Dauer der Speicherung personenbezogener Daten<\/h2>\r\n<p>Personenbezogene Daten werden f\u00fcr die Dauer der jeweiligen gesetzlichen Aufbewahrungsfrist gespeichert. Nach Ablauf der Frist erfolgt eine routinem\u00e4\u00dfige L\u00f6schung der Daten, sofern nicht eine Erforderlichkeit f\u00fcr eine Vertragsanbahnung oder die Vertragserf\u00fcllung besteht.<\/p>\r\n<\/div><\/section>\r\n","protected":false},"excerpt":{"rendered":"","protected":false},"author":1,"featured_media":0,"parent":0,"menu_order":0,"comment_status":"closed","ping_status":"closed","template":"","meta":{"footnotes":""},"_links":{"self":[{"href":"https:\/\/www.evolution-team.com\/de-de\/wp-json\/wp\/v2\/pages\/504"}],"collection":[{"href":"https:\/\/www.evolution-team.com\/de-de\/wp-json\/wp\/v2\/pages"}],"about":[{"href":"https:\/\/www.evolution-team.com\/de-de\/wp-json\/wp\/v2\/types\/page"}],"author":[{"embeddable":true,"href":"https:\/\/www.evolution-team.com\/de-de\/wp-json\/wp\/v2\/users\/1"}],"replies":[{"embeddable":true,"href":"https:\/\/www.evolution-team.com\/de-de\/wp-json\/wp\/v2\/comments?post=504"}],"version-history":[{"count":3,"href":"https:\/\/www.evolution-team.com\/de-de\/wp-json\/wp\/v2\/pages\/504\/revisions"}],"predecessor-version":[{"id":524,"href":"https:\/\/www.evolution-team.com\/de-de\/wp-json\/wp\/v2\/pages\/504\/revisions\/524"}],"wp:attachment":[{"href":"https:\/\/www.evolution-team.com\/de-de\/wp-json\/wp\/v2\/media?parent=504"}],"curies":[{"name":"wp","href":"https:\/\/api.w.org\/{rel}","templated":true}]}}