{"id":15,"date":"2018-04-04T18:40:31","date_gmt":"2018-04-04T16:40:31","guid":{"rendered":"https:\/\/www.evolution-team.com\/es-es\/?page_id=15"},"modified":"2025-10-01T18:02:13","modified_gmt":"2025-10-01T16:02:13","slug":"prestaciones","status":"publish","type":"page","link":"https:\/\/www.evolution-team.com\/es-es\/prestaciones\/","title":{"rendered":"Prestaciones"},"content":{"rendered":"<section class=\"dv-content__section\" style=\"background:none 50% 50% \/ cover no-repeat scroll;background-color: rgba(255, 255, 255, 0);padding-bottom:32px;padding-top:32px;\"><div class=\"dv-content__section-inner dv-content--width-large\" style=\"padding-left:16px;padding-right:16px;\">\r\n<div class=\"dv-grid dv-grid--gap-undefined\" style=\"margin-bottom:16px;margin-top:16px;\">\r\n<div class=\"dv-grid__cell dv-grid__cell--12 dv-grid__cell--4-phone dv-grid__cell--8-tablet dv-grid__cell--undefined-rows\" style=\"background:undefined;background-color: rgb(245, 245, 245);padding-bottom:16px;padding-left:16px;padding-right:16px;padding-top:16px;\">\r\n<h2>C\u00e1lculo de Costos de Productos y Herramientas<\/h2>\r\n<p>Costeo de Productos y Herramientas<\/p>\r\n<p>Ingenier\u00eda de Costos &#8211; Coordinaci\u00f3n de los requisitos t\u00e9cnicos del producto con el proceso de fabricaci\u00f3n, ubicaci\u00f3n y sus condiciones, as\u00ed como conceptos de herramientas realizables<\/p>\r\n<img decoding=\"async\" class=\"alignnone\" style=\"width: 100%;\" src=\"\/\/www.evolution-team.com\/de-de\/wp-content\/uploads\/sites\/2\/Costengineering.jpg\" alt=\"\"><\/div>\r\n<div class=\"dv-grid__cell dv-grid__cell--6 dv-grid__cell--4-phone dv-grid__cell--8-tablet dv-grid__cell--undefined-rows\" style=\"background:undefined;background-color: rgb(245, 245, 245);padding-bottom:16px;padding-left:16px;padding-right:16px;padding-top:16px;\">\r\n<h2>Gesti\u00f3n interina<\/h2>\r\n<p>Ponemos a su disposici\u00f3n a corto plazo especialistas interinos para las siguientes \u00e1reas<\/p>\r\n<ul>\r\n<li>jefe de proyecto ingenier\u00eda<\/li>\r\n<li>jefe de proyecto industrializaci\u00f3n<\/li>\r\n<li>control de calidad<\/li>\r\n<li>planificador de log\u00edstica<\/li>\r\n<li>ingeniero de aplicaciones de moldeo por inyecci\u00f3n<\/li>\r\n<\/ul>\r\n<\/div>\r\n<div class=\"dv-grid__cell dv-grid__cell--6 dv-grid__cell--4-phone dv-grid__cell--8-tablet dv-grid__cell--undefined-rows\" style=\"background:undefined;background-color: rgb(245, 245, 245);padding-bottom:16px;padding-left:16px;padding-right:16px;padding-top:16px;\">\r\n<h2>gesti\u00f3n de proyectos<\/h2>\r\n<p>especialista para todas las tecnolog\u00edas de producci\u00f3n de componentes de interior de autom\u00f3viles (t\u00e9cnica de m\u00e1quinas y herramientas)<\/p>\r\n<p>moldeo por inyecci\u00f3n, tecnolog\u00eda de adhesivos, contraencolado, termomoldeo, rebordeo, remachado en pl\u00e1stico<\/p>\r\n<p>proveedor de innovaciones en t\u00e9cnicas de pegado y contraencolado<\/p>\r\n<ul>\r\n<li>creaci\u00f3n de especificaciones<\/li>\r\n<li>valoraci\u00f3n de presupuestos<\/li>\r\n<li>selecci\u00f3n de proveedores<\/li>\r\n<li>coordinaci\u00f3n de proveedores<\/li>\r\n<li>puesta en servicio, gesti\u00f3n de la fase inicial de producci\u00f3n, seguimiento de herramientas<\/li>\r\n<\/ul>\r\n<img decoding=\"async\" class=\"alignnone\" style=\"width: 100%;\" src=\"\/\/www.evolution-team.com\/de-de\/wp-content\/uploads\/sites\/2\/planning_DE.svg\" alt=\"\"><\/div>\r\n<div class=\"dv-grid__cell dv-grid__cell--12 dv-grid__cell--4-phone dv-grid__cell--8-tablet dv-grid__cell--undefined-rows\" style=\"background:undefined;background-color: rgb(245, 245, 245);padding-bottom:16px;padding-left:16px;padding-right:16px;padding-top:16px;\">\r\n<h2>Supplier Process Optimisation (Optimizaci\u00f3n de procesos de suministro)<\/h2>\r\n<div class=\"dv-grid\">\r\n<div class=\"dv-grid__cell dv-grid__cell--6\">\r\n<p>Optimizaci\u00f3n de procesos y secuencias<\/p>\r\n<p>(optimizaci\u00f3n t\u00e9cnica \u2013 moldeo por inyecci\u00f3n, espumaje, pegado, contraencolado por vac\u00edo\/prensado, rebordeo, as\u00ed como secuencias de producci\u00f3n y medidas de ahorro de costes)<\/p>\r\n<ul>\r\n<li>Optimizaci\u00f3n de m\u00e1quinas y herramientas<\/li>\r\n<li>Optimizaci\u00f3n de piezas de desecho y repetici\u00f3n del mecanizado<\/li>\r\n<li>Dise\u00f1o de puestos de trabajo<\/li>\r\n<li>An\u00e1lisis de tiempo<\/li>\r\n<li>Planificaci\u00f3n de necesidades de material<\/li>\r\n<li>Optimizaci\u00f3n de organizaci\u00f3n y secuencias<\/li>\r\n<li>Apoyo al personal<\/li>\r\n<li>Implementaci\u00f3n de excelencia operativa (sistema de producci\u00f3n s\u00edncrona)<\/li>\r\n<\/ul>\r\n<p><strong>Ejemplos:<\/strong><\/p>\r\n<ul>\r\n<li>Espumaje del salpicadero<\/li>\r\n<li>Laminaci\u00f3n parcial del panel de la puerta<\/li>\r\n<li>Inserci\u00f3n de cuero de implementaci\u00f3n SPS<\/li>\r\n<li>Cambio de proceso de producci\u00f3n de panel de puerta<\/li>\r\n<\/ul>\r\n<\/div>\r\n<div class=\"dv-grid__cell dv-grid__cell--6\"><img decoding=\"async\" class=\"alignnone\" style=\"width: 100%;\" src=\"\/\/www.evolution-team.com\/de-de\/wp-content\/uploads\/sites\/2\/process_DE.svg\" alt=\"\"><\/div>\r\n<\/div>\r\n<\/div>\r\n<\/div>\r\n<\/div><\/section>\r\n","protected":false},"excerpt":{"rendered":"<p>[dv-theme-section background_color=\u201crgba(255, 255, 255, 0)\u201c background_image=\u201cnone 50% 50% \/ cover no-repeat scroll\u201c border_bottom=\u201c0\u2033 border_top=\u201c0\u2033 color=\u201crgb(0, 0, 0)\u201c height=\u201cauto\u201c inner_width=\u201clarge\u201c padding_bottom=\u201c32\u2033 padding_top=\u201c32\u2033] [dv-theme-grid gutter=\u201c24\u2033 margin_bottom=\u201c16\u2033 margin_top=\u201c16\u2033] [dv-theme-cell background_color=\u201crgb(245, 245, 245)\u201c columns=\u201c6\u2033 columns_on_phone=\u201c4\u2033 columns_on_tablet=\u201c8\u2033 padding_bottom=\u201c16\u2033 padding_left=\u201c16\u2033 padding_right=\u201c16\u2033 padding_top=\u201c16\u2033] Gesti\u00f3n interina Ponemos a su disposici\u00f3n a corto plazo especialistas interinos para las siguientes \u00e1reas jefe de proyecto ingenier\u00eda jefe de proyecto industrializaci\u00f3n control de calidad planificador de log\u00edstica ingeniero de aplicaciones de moldeo por inyecci\u00f3n [\/dv-theme-cell] [dv-theme-cell background_color=\u201crgb(245, 245, 245)\u201c columns=\u201c6\u2033 columns_on_phone=\u201c4\u2033 columns_on_tablet=\u201c8\u2033 padding_bottom=\u201c16\u2033 padding_left=\u201c16\u2033 padding_right=\u201c16\u2033 padding_top=\u201c16\u2033] gesti\u00f3n de proyectos especialista para todas las tecnolog\u00edas de producci\u00f3n de componentes de interior de autom\u00f3viles [\u2026]<\/p>\n","protected":false},"author":1,"featured_media":0,"parent":0,"menu_order":0,"comment_status":"closed","ping_status":"closed","template":"","meta":{"footnotes":""},"_links":{"self":[{"href":"https:\/\/www.evolution-team.com\/es-es\/wp-json\/wp\/v2\/pages\/15"}],"collection":[{"href":"https:\/\/www.evolution-team.com\/es-es\/wp-json\/wp\/v2\/pages"}],"about":[{"href":"https:\/\/www.evolution-team.com\/es-es\/wp-json\/wp\/v2\/types\/page"}],"author":[{"embeddable":true,"href":"https:\/\/www.evolution-team.com\/es-es\/wp-json\/wp\/v2\/users\/1"}],"replies":[{"embeddable":true,"href":"https:\/\/www.evolution-team.com\/es-es\/wp-json\/wp\/v2\/comments?post=15"}],"version-history":[{"count":3,"href":"https:\/\/www.evolution-team.com\/es-es\/wp-json\/wp\/v2\/pages\/15\/revisions"}],"predecessor-version":[{"id":654,"href":"https:\/\/www.evolution-team.com\/es-es\/wp-json\/wp\/v2\/pages\/15\/revisions\/654"}],"wp:attachment":[{"href":"https:\/\/www.evolution-team.com\/es-es\/wp-json\/wp\/v2\/media?parent=15"}],"curies":[{"name":"wp","href":"https:\/\/api.w.org\/{rel}","templated":true}]}}