{"id":19,"date":"2018-04-04T18:40:59","date_gmt":"2018-04-04T16:40:59","guid":{"rendered":"https:\/\/www.evolution-team.com\/es-es\/?page_id=19"},"modified":"2025-10-01T17:45:51","modified_gmt":"2025-10-01T15:45:51","slug":"carrera","status":"publish","type":"page","link":"https:\/\/www.evolution-team.com\/es-es\/carrera\/","title":{"rendered":"Carrera"},"content":{"rendered":"<section class=\"dv-content__section\" style=\"background:none 50% 50% \/ cover no-repeat scroll;background-color: rgba(255, 255, 255, 0);padding-bottom:64px;padding-top:32px;\"><div class=\"dv-content__section-inner dv-content--width-large\" style=\"padding-left:16px;padding-right:16px;\">\r\n<div class=\"dv-grid dv-grid--gap-undefined\" style=\"margin-bottom:0px;margin-top:0px;\">\r\n<div class=\"dv-grid__cell dv-grid__cell--6 dv-grid__cell--4-phone dv-grid__cell--8-tablet dv-grid__cell--undefined-rows\" style=\"background:none 50% 50% \/ cover no-repeat scroll;background-color: rgba(255, 255, 255, 0);padding-bottom:0px;padding-left:0px;padding-right:0px;padding-top:0px;\">\r\n<h2>\u00bfEst\u00e1 buscando nuevos retos?<\/h2>\r\n<p>\u00a1En evolution-team podr\u00e1 trabajar en un entorno din\u00e1mico en continuo cambio! Los desarrollos t\u00e9cnicos son un reto cambiante, nuevo, excitante y exigen nuevas v\u00edas de soluci\u00f3n y estrategias.<\/p>\r\n<p>\u00a1Estamos buscando trabajadores aut\u00f3nomos cualificados y motivados que pueden reaccionar activamente a las necesidades de nuestros clientes, formular nuevos conceptos e implementarlos!<\/p>\r\n<p>\u00bfTiene una titulaci\u00f3n universitaria t\u00e9cnica o una formaci\u00f3n profesional t\u00e9cnica?<\/p>\r\n<\/div>\r\n<div class=\"dv-grid__cell dv-grid__cell--6 dv-grid__cell--4-phone dv-grid__cell--8-tablet dv-grid__cell--undefined-rows\" style=\"background:none 50% 50% \/ cover no-repeat scroll;background-color: rgba(255, 255, 255, 0);padding-bottom:0px;padding-left:0px;padding-right:0px;padding-top:0px;\">\r\n<h2>Solicitud de empleo para trabajadores<\/h2>\r\n<h3>y trabajadores aut\u00f3nomos<\/h3>\r\n<h6>1. descargue el perfil de trabajadores<\/h6>\r\n<a class=\"dv-button\" href=\"https:\/\/www.evolution-team.com\/wp-content\/uploads\/MA_Profil-VORLAGE_2018.doc\" style=\"background-color:rgb(136, 14, 79);color:rgb(252, 228, 236);\"><i class=\"material-icons\">file_download<\/i><span class=\"dv-button__text\">Perfil de trabajadores<\/span><\/a>\r\n<h6>2. rellene todo el perfil de trabajadores<\/h6>\r\n<h6>3. env\u00ede el perfil de trabajadores relleno junto con su curriculum vitae y las posibles cualificaciones adicionales a <a href=\"mailto:bruno.sattlecker@evolution-team.com\">bruno.sattlecker@evolution-team.com<\/a><\/h6>\r\n<\/div>\r\n<\/div>\r\n<\/div><\/section>\r\n","protected":false},"excerpt":{"rendered":"<p>[dv-theme-section background_color=\u201crgba(255, 255, 255, 0)\u201c background_image=\u201cnone 50% 50% \/ cover no-repeat scroll\u201c border_bottom=\u201c0\u2033 border_top=\u201c0\u2033 color=\u201crgb(0, 0, 0)\u201c inner_width=\u201clarge\u201c padding_bottom=\u201c32\u2033 padding_top=\u201c32\u2033] [dv-theme-grid gutter=\u201c24\u2033 margin_bottom=\u201c0\u2033 margin_top=\u201c0\u2033] [dv-theme-cell background_color=\u201crgba(255, 255, 255, 0)\u201c background_image=\u201cnone 50% 50% \/ cover no-repeat scroll\u201c color=\u201crgb(0, 0, 0)\u201c columns=\u201c6\u2033 columns_on_phone=\u201c4\u2033 columns_on_tablet=\u201c8\u2033 padding_bottom=\u201c0\u2033 padding_left=\u201c0\u2033 padding_right=\u201c0\u2033 padding_top=\u201c0\u2033] \u00bfEst\u00e1 buscando nuevos retos? \u00a1En evolution-team podr\u00e1 trabajar en [\u2026]<\/p>\n","protected":false},"author":1,"featured_media":0,"parent":0,"menu_order":0,"comment_status":"closed","ping_status":"closed","template":"","meta":{"footnotes":""},"_links":{"self":[{"href":"https:\/\/www.evolution-team.com\/es-es\/wp-json\/wp\/v2\/pages\/19"}],"collection":[{"href":"https:\/\/www.evolution-team.com\/es-es\/wp-json\/wp\/v2\/pages"}],"about":[{"href":"https:\/\/www.evolution-team.com\/es-es\/wp-json\/wp\/v2\/types\/page"}],"author":[{"embeddable":true,"href":"https:\/\/www.evolution-team.com\/es-es\/wp-json\/wp\/v2\/users\/1"}],"replies":[{"embeddable":true,"href":"https:\/\/www.evolution-team.com\/es-es\/wp-json\/wp\/v2\/comments?post=19"}],"version-history":[{"count":10,"href":"https:\/\/www.evolution-team.com\/es-es\/wp-json\/wp\/v2\/pages\/19\/revisions"}],"predecessor-version":[{"id":651,"href":"https:\/\/www.evolution-team.com\/es-es\/wp-json\/wp\/v2\/pages\/19\/revisions\/651"}],"wp:attachment":[{"href":"https:\/\/www.evolution-team.com\/es-es\/wp-json\/wp\/v2\/media?parent=19"}],"curies":[{"name":"wp","href":"https:\/\/api.w.org\/{rel}","templated":true}]}}