{"id":23,"date":"2018-04-04T18:41:26","date_gmt":"2018-04-04T16:41:26","guid":{"rendered":"https:\/\/www.evolution-team.com\/es-es\/?page_id=23"},"modified":"2025-10-01T17:43:23","modified_gmt":"2025-10-01T15:43:23","slug":"nota-legal","status":"publish","type":"page","link":"https:\/\/www.evolution-team.com\/es-es\/nota-legal\/","title":{"rendered":"Nota Legal"},"content":{"rendered":"<section class=\"dv-content__section\" style=\"background:none 50% 50% \/ cover no-repeat scroll;background-color: rgba(255, 255, 255, 0);padding-bottom:32px;padding-top:32px;\"><div class=\"dv-content__section-inner dv-content--width-large\" style=\"padding-left:16px;padding-right:16px;\">\r\n<h2>Operador de la p\u00e1gina web<\/h2>\r\n<div class=\"dv-grid dv-grid--gap-\" style=\"margin-bottom:0px;margin-top:0px;\">\r\n<div class=\"dv-grid__cell dv-grid__cell--4 dv-grid__cell--4-phone dv-grid__cell--8-tablet dv-grid__cell--undefined-rows\" style=\"background:none 50% 50% \/ cover no-repeat scroll;background-color: rgba(255, 255, 255, 0);padding-bottom:0px;padding-left:0px;padding-right:0px;padding-top:0px;\">\r\n<div class=\"dv-list\" style=\"background-color:rgba(255, 255, 255, 0);color:rgb(0, 0, 0);\">\r\n<div class=\"dv-list__item\"><i class=\"material-icons\">person<\/i><div class=\"dv-list__text\"><span class=\"dv-list__primary-text\">GF: Ing. Bruno Sattlecker<\/span><\/div><\/div>\r\n<div class=\"dv-list__item dv-list__item--indent\"><div class=\"dv-list__text\"><span class=\"dv-list__primary-text\">HRB Nr.: FN 24 13 50 b<\/span><\/div><\/div>\r\n<div class=\"dv-list__item dv-list__item--indent\"><div class=\"dv-list__text\"><span class=\"dv-list__primary-text\">UID-Nr.: ATU 57 43 27 36<\/span><\/div><\/div>\r\n<div class=\"dv-list__item dv-list__item--indent\"><div class=\"dv-list__text\"><span class=\"dv-list__primary-text\">Tribunal de registro: Ried im Innkreis<\/span><\/div><\/div>\r\n<\/div>\r\n<\/div>\r\n<div class=\"dv-grid__cell dv-grid__cell--8 dv-grid__cell--4-phone dv-grid__cell--8-tablet dv-grid__cell--undefined-rows\" style=\"background:none 50% 50% \/ cover no-repeat scroll;background-color: rgba(255, 255, 255, 0);padding-bottom:0px;padding-left:0px;padding-right:0px;padding-top:0px;\">\r\n<div class=\"dv-list\" style=\"background-color:rgba(255, 255, 255, 0);color:rgb(0, 0, 0);\">\r\n<div class=\"dv-list__item\"><i class=\"material-icons\">location_on<\/i><div class=\"dv-list__text\"><span class=\"dv-list__primary-text\">Unterlochnerstra\u00dfe 21b, A-5230 Mattighofen<\/span><\/div><\/div>\r\n<a href=\"tel:+43774231984\" class=\"dv-list__item\"><i class=\"material-icons\">phone<\/i><div class=\"dv-list__text\"><span class=\"dv-list__primary-text\">+43 7742 31984<\/span><\/div><\/a>\r\n<a href=\"mailto:bruno.sattlecker@evolution-team.com\" class=\"dv-list__item\"><i class=\"material-icons\">email<\/i><div class=\"dv-list__text\"><span class=\"dv-list__primary-text\">bruno.sattlecker@evolution-team.com<\/span><\/div><\/a>\r\n<\/div>\r\n<\/div>\r\n<\/div>\r\n<a class=\"dv-button\" href=\"\/\/www.evolution-team.com\/es-es\/politica-de-privacidad\/\" style=\"background-color:rgb(136, 14, 79);color:rgb(255, 255, 255);\"><i class=\"material-icons\">launch<\/i><span class=\"dv-button__text\">Pol\u00edtica de privacidad<\/span><\/a>\r\n<\/div><\/section>\r\n<section class=\"dv-content__section\" style=\"background:none 50% 50% \/ cover no-repeat scroll;background-color: rgb(245, 245, 245);padding-bottom:32px;padding-top:32px;\"><div class=\"dv-content__section-inner dv-content--width-large\" style=\"padding-left:16px;padding-right:16px;\">\r\n<h2>Dise\u00f1o e implementaci\u00f3n t\u00e9cnica<\/h2>\r\n<div class=\"dv-list\" style=\"background-color:rgba(255, 255, 255, 0);color:rgb(0, 0, 0);\">\r\n<div class=\"dv-list__item\"><i class=\"material-icons\">person<\/i><div class=\"dv-list__text\"><span class=\"dv-list__primary-text\">Dynamic-Visual (Mike Krister)<\/span><\/div><\/div>\r\n<a href=\"mailto:info@dynamic-visual.com\" class=\"dv-list__item\"><i class=\"material-icons\">email<\/i><div class=\"dv-list__text\"><span class=\"dv-list__primary-text\">info@dynamic-visual.com<\/span><\/div><\/a>\r\n<a href=\"https:\/\/www.dynamic-visual.com\" class=\"dv-list__item\"><i class=\"material-icons\">public<\/i><div class=\"dv-list__text\"><span class=\"dv-list__primary-text\">www.dynamic-visual.com<\/span><\/div><\/a>\r\n<\/div>\r\n<\/div><\/section>\r\n<section class=\"dv-content__section\" style=\"background:none 50% 50% \/ cover no-repeat scroll;background-color: rgba(255, 255, 255, 0);padding-bottom:32px;padding-top:32px;\"><div class=\"dv-content__section-inner dv-content--width-large\" style=\"padding-left:16px;padding-right:16px;\">\r\n<h2>Exclusi\u00f3n de responsabilidad<\/h2>\r\n<h3>Contenido de la oferta en internet<\/h3>\r\n<p>El autor no asume ninguna responsabilidad por la actualidad, exactitud, integridad y calidad de las informaciones proporcionadas. Se descarta expresamente cualquier reclamaci\u00f3n por responsabilidad que se base en da\u00f1os de tipo material o ideal causados por la utilizaci\u00f3n o no utilizaci\u00f3n de las informaciones ofrecidas o por la utilizaci\u00f3n de informaciones err\u00f3neas o incompletas, siempre que no exista de forma fehacientemente demostrable una culpabilidad premeditada o negligente. Todas las ofertas se realizan sin compromiso y no son vinculantes. El autor se reserva expresamente el derecho de cambiar, ampliar, cancelar o suspender temporal o definitivamente la publicaci\u00f3n en parte o de la totalidad de los contenidos de la p\u00e1gina web sin previo aviso.<\/p>\r\n<h3>Referencias y enlaces<\/h3>\r\n<p>Para los enlaces directos o indirectos a otras p\u00e1ginas web (hiperv\u00ednculos) que se encuentran fuera de la responsabilidad del autor, una responsabilidad s\u00f3lo entrar\u00eda en vigor si, el autor tuviese conocimiento del contenido y le fuese t\u00e9cnicamente posible y razonable impedir el uso de contenidos ilegales. El autor declara aqu\u00ed expresamente que, en el momento de la creaci\u00f3n de los enlaces, no eran reconocibles contenidos de naturaleza ilegal en las p\u00e1ginas consideradas. El autor no puede influir sobre el dise\u00f1o, contenido o autor\u00eda actuales o futuros de las p\u00e1ginas conectadas por medio del enlace. Por eso, se distancia expl\u00edcitamente de todos los contenidos de todas las p\u00e1ginas que fueron cambiados despu\u00e9s del enlace. Esta constataci\u00f3n es v\u00e1lida para todos los enlaces y referencias de la p\u00e1gina web propia, as\u00ed como para los datos introducidos por terceros en los libros de visitantes, foros de debate, \u00edndices de enlaces, listas de correo u otros tipos de bases de datos creados por el autor, pero en los que tengan derecho a escribir personas externas. Por contenidos ilegales, defectuosos o incompletos y especialmente por da\u00f1os ocasionados por el uso o no uso de informaci\u00f3n as\u00ed presentada solamente es responsable quien ofrezca la p\u00e1gina a la que se refiere el v\u00ednculo y no quien meramente refiera a la correspondiente publicaci\u00f3n por medio de enlaces.<\/p>\r\n<h3>Derechos de propiedad intelectual e industrial<\/h3>\r\n<p>El autor trata de respetar los derechos del autor de los gr\u00e1ficos, documentos sonoros, secuencias de v\u00eddeo y textos o de utilizar gr\u00e1ficos, documentos sonoros, secuencias de v\u00eddeo y textos creados por \u00e9l o de recurrir a gr\u00e1ficos, archivos de sonido, secuencias de v\u00eddeo y textos libres. Todas las marcas y marcas comerciales que aparecen en Internet que puedan estar protegidos por terceras partes est\u00e1n sujetas sin restricciones, a las disposiciones de la ley vigente de marcas y a las leyes de propiedad de los titulares registrados correspondientes. \u00a1De la simple menci\u00f3n no puede sacarse la conclusi\u00f3n, que las marcas no est\u00e1n protegidas por los derechos de terceros! Los derechos de autor de cosas publicadas, elaboradas por el propio autor, siguen bajo la titularidad del autor de las p\u00e1ginas. La reproducci\u00f3n o utilizaci\u00f3n de dichos gr\u00e1ficos, documentos sonoros, secuencias de video y textos en cualquier publicaci\u00f3n electr\u00f3nica o impresa no est\u00e1n permitidas sin la aprobaci\u00f3n previa y expresa del autor.<\/p>\r\n<h3>Vigor de esta limitaci\u00f3n de responsabilidad<\/h3>\r\n<p>Est\u00e1 exenci\u00f3n de responsabilidad debe entenderse como parte del contenido de la p\u00e1gina web a la que se remite. En el caso de que haya partes o formulaciones concretas de este texto que no sean acordes a la situaci\u00f3n jur\u00eddica vigente, que hayan dejado de serlo o que no lo sean del todo, ello no afectar\u00e1 a las partes restantes del documento que permanecer\u00e1n inalteradas en cuanto a contenido y validez.<\/p>\r\n<\/div><\/section>\r\n","protected":false},"excerpt":{"rendered":"<p>[dv-theme-section background_color=\u201crgba(255, 255, 255, 0)\u201c background_image=\u201cnone 50% 50% \/ cover no-repeat scroll\u201c border_bottom=\u201c0\u2033 border_top=\u201c0\u2033 color=\u201crgb(0, 0, 0)\u201c inner_width=\u201clarge\u201c padding_bottom=\u201c32\u2033 padding_top=\u201c32\u2033] Operador de la p\u00e1gina web [dv-theme-grid gutter=\u201c24\u2033 margin_bottom=\u201c0\u2033 margin_top=\u201c0\u2033] [dv-theme-cell background_color=\u201crgba(255, 255, 255, 0)\u201c background_image=\u201cnone 50% 50% \/ cover no-repeat scroll\u201c color=\u201crgb(0, 0, 0)\u201c columns=\u201c4\u2033 columns_on_phone=\u201c4\u2033 columns_on_tablet=\u201c8\u2033 padding_bottom=\u201c0\u2033 padding_left=\u201c0\u2033 padding_right=\u201c0\u2033 padding_top=\u201c0\u2033] [dv-theme-list background_color=\u201crgba(255, 255, 255, [\u2026]<\/p>\n","protected":false},"author":1,"featured_media":0,"parent":0,"menu_order":0,"comment_status":"closed","ping_status":"closed","template":"","meta":{"footnotes":""},"_links":{"self":[{"href":"https:\/\/www.evolution-team.com\/es-es\/wp-json\/wp\/v2\/pages\/23"}],"collection":[{"href":"https:\/\/www.evolution-team.com\/es-es\/wp-json\/wp\/v2\/pages"}],"about":[{"href":"https:\/\/www.evolution-team.com\/es-es\/wp-json\/wp\/v2\/types\/page"}],"author":[{"embeddable":true,"href":"https:\/\/www.evolution-team.com\/es-es\/wp-json\/wp\/v2\/users\/1"}],"replies":[{"embeddable":true,"href":"https:\/\/www.evolution-team.com\/es-es\/wp-json\/wp\/v2\/comments?post=23"}],"version-history":[{"count":12,"href":"https:\/\/www.evolution-team.com\/es-es\/wp-json\/wp\/v2\/pages\/23\/revisions"}],"predecessor-version":[{"id":650,"href":"https:\/\/www.evolution-team.com\/es-es\/wp-json\/wp\/v2\/pages\/23\/revisions\/650"}],"wp:attachment":[{"href":"https:\/\/www.evolution-team.com\/es-es\/wp-json\/wp\/v2\/media?parent=23"}],"curies":[{"name":"wp","href":"https:\/\/api.w.org\/{rel}","templated":true}]}}