{"id":4,"date":"2018-03-13T13:42:58","date_gmt":"2018-03-13T12:42:58","guid":{"rendered":"https:\/\/www.evolution-team.com\/es-es\/?page_id=4"},"modified":"2025-10-01T17:40:50","modified_gmt":"2025-10-01T15:40:50","slug":"casa","status":"publish","type":"page","link":"https:\/\/www.evolution-team.com\/es-es\/","title":{"rendered":"Inicio"},"content":{"rendered":"<section style=\"overflow: hidden; position: relative;\">\r\n<div style=\"padding-bottom: 64px; padding-top: 96px; visibility: hidden;\">\r\n<h1 class=\"dv-typography--display-1\" style=\"color: #fff; text-align: center;\"><strong>calcular &#8211; optimizar<br>producir \u00e9xito<\/strong><\/h1>\r\n<h3 style=\"color: #fff; text-align: center;\">en la industria automovil\u00edstica y de procesamiento de pl\u00e1sticos<\/h3>\r\n<h6 style=\"color: #f48fb1; text-align: center;\"><strong>Gane su dinero en la producci\u00f3n.<\/strong><br>Nuestra ingenier\u00eda de costos con empleados experimentados del desarrollo y la fabricaci\u00f3n<br>le apoya en la implementaci\u00f3n de sus proyectos al mejor precio y con las mejores pr\u00e1cticas.<br><br>Con secuencias de producci\u00f3n y consumibles \u00f3ptimamente dise\u00f1ados en toda la cadena del proceso,<br>as\u00ed como con especialistas con experiencia automovil\u00edstica disponibles a corto plazo para la implementaci\u00f3n de sus objetivos.<\/h6>\r\n<\/div>\r\n<div style=\"bottom: 0; left: 0; position: absolute; right: 0; top: 0;\">\r\n<div class=\"dv-slider\" data-transition-active=\"1\" data-transition-type=\"fade\" style=\"background-color: rgb(0, 0, 0); height: 1024px; margin-bottom: 0; margin-top: 0; width: 100%;\"><div class=\"dv-slider__slides\"><div class=\"dv-slider__slide\" style=\"background: url(https:\/\/www.evolution-team.com\/wp-content\/uploads\/DSC040921.jpg) 50% 50% \/ cover no-repeat fixed rgba(255, 255, 255, 0);\" data-duration=\"3\" data-url=\"\"> <\/div><div class=\"dv-slider__slide\" style=\"background: url(https:\/\/www.evolution-team.com\/wp-content\/uploads\/DSC03952.jpg) 50% 50% \/ cover no-repeat fixed rgba(255, 255, 255, 0);\" data-duration=\"3\" data-url=\"\"> <\/div><div class=\"dv-slider__slide\" style=\"background: url(https:\/\/www.evolution-team.com\/wp-content\/uploads\/DSC04003.jpg) 50% 50% \/ cover no-repeat fixed rgba(255, 255, 255, 0);\" data-duration=\"3\" data-url=\"\"> <\/div><div class=\"dv-slider__slide\" style=\"background: url(https:\/\/www.evolution-team.com\/wp-content\/uploads\/DSC03716.jpg) 50% 50% \/ cover no-repeat fixed rgba(255, 255, 255, 0);\" data-duration=\"3\" data-url=\"\"> <\/div><div class=\"dv-slider__slide\" style=\"background: url(https:\/\/www.evolution-team.com\/wp-content\/uploads\/DSC03773.jpg) 50% 50% \/ cover no-repeat fixed rgba(255, 255, 255, 0);\" data-duration=\"3\" data-url=\"\"> <\/div><\/div><\/div>\r\n<\/div>\r\n<div style=\"bottom: 0; left: 0; padding-bottom: 64px; padding-top: 96px; position: absolute; right: 0; top: 0;\">\r\n<h1 class=\"dv-typography--display-1\" style=\"color: #fff; text-align: center;\"><strong>calcular &#8211; optimizar<br>producir \u00e9xito<\/strong><\/h1>\r\n<h3 style=\"color: #fff; text-align: center;\">en la industria automovil\u00edstica y de procesamiento de pl\u00e1sticos<\/h3>\r\n<h6 style=\"color: #f48fb1; text-align: center;\"><span style=\"color: #9fa8da;\"><strong>Gane su dinero en la producci\u00f3n.<\/strong><\/span><br><span style=\"color: #9fa8da;\">Nuestra ingenier\u00eda de costos con empleados experimentados del desarrollo y la fabricaci\u00f3n<br>le apoya en la implementaci\u00f3n de sus proyectos al mejor precio y con las mejores pr\u00e1cticas.<br><br>Con secuencias de producci\u00f3n y consumibles \u00f3ptimamente dise\u00f1ados en toda la cadena del proceso,<\/span><br><span style=\"color: #9fa8da;\">as\u00ed como con especialistas con experiencia automovil\u00edstica disponibles a corto plazo para la implementaci\u00f3n de sus objetivos.<\/span><\/h6>\r\n<\/div>\r\n<\/section>\r\n<section class=\"dv-content__section\" style=\"background:none 50% 50% \/ cover no-repeat scroll;background-color: rgba(255, 255, 255, 0);padding-bottom:32px;padding-top:32px;\"><div class=\"dv-content__section-inner dv-content--width-large\" style=\"padding-left:16px;padding-right:16px;\">\r\n<h2>Ofrecemos<\/h2>\r\n<div class=\"dv-grid dv-grid--gap-\" style=\"margin-bottom:16px;margin-top:16px;\">\r\n<div class=\"dv-grid__cell dv-grid__cell--6 dv-grid__cell--4-phone dv-grid__cell--8-tablet dv-grid__cell--undefined-rows\" style=\"background:none 50% 50% \/ cover no-repeat scroll;background-color: rgb(245, 245, 245);padding-bottom:0px;padding-left:0px;padding-right:0px;padding-top:0px;\">\r\n<div class=\"dv-list\" style=\"background-color:rgba(255, 255, 255, 0);color:rgb(0, 0, 0);\">\r\n<div class=\"dv-list__item\"><i class=\"material-icons\">extension<\/i><div class=\"dv-list__text\"><span class=\"dv-list__primary-text\">Gesti\u00f3n del cambio en conciencia de costos<\/span><span class=\"dv-list__secondary-text\">Transparencia de costos - Conocimiento de costos - Realizaci\u00f3n (an\u00e1lisis de costos, mejora de la verdad del costo, optimizaci\u00f3n de procesos en toda la organizaci\u00f3n)<\/span><\/div><\/div>\r\n<div class=\"dv-list__item\"><i class=\"material-icons\">extension<\/i><div class=\"dv-list__text\"><span class=\"dv-list__primary-text\">C\u00e1lculo de Costos del Producto<\/span><span class=\"dv-list__secondary-text\">C\u00e1lculo de los costos de fabricaci\u00f3n de su producto desde la perspectiva del proceso de fabricaci\u00f3n \u00f3ptimo<\/span><\/div><\/div>\r\n<div class=\"dv-list__item\"><i class=\"material-icons\">extension<\/i><div class=\"dv-list__text\"><span class=\"dv-list__primary-text\">Calculaci\u00f3n de herramientas adquisici\u00f3ny equipos especiales<\/span><span class=\"dv-list__secondary-text\">al \u201cBest Price\u201d y con la \u201cBest Practice\u201d<\/span><\/div><\/div>\r\n<\/div>\r\n<\/div>\r\n<div class=\"dv-grid__cell dv-grid__cell--6 dv-grid__cell--4-phone dv-grid__cell--8-tablet dv-grid__cell--undefined-rows\" style=\"background:none 50% 50% \/ cover no-repeat scroll;background-color: rgb(245, 245, 245);padding-bottom:0px;padding-left:0px;padding-right:0px;padding-top:0px;\">\r\n<div class=\"dv-list\" style=\"background-color:rgba(255, 255, 255, 0);color:rgb(0, 0, 0);\">\r\n<div class=\"dv-list__item\"><i class=\"material-icons\">extension<\/i><div class=\"dv-list__text\"><span class=\"dv-list__primary-text\">Gesti\u00f3n interina<\/span><span class=\"dv-list__secondary-text\">(gesti\u00f3n de proyectos en ingenier\u00eda, industrializaci\u00f3n, calidad, log\u00edstica, tecnolog\u00eda de herramientas y m\u00e1quinas, tecnolog\u00eda de aplicaciones y optimizaci\u00f3n de procesos)<\/span><\/div><\/div>\r\n<div class=\"dv-list__item\"><i class=\"material-icons\">extension<\/i><div class=\"dv-list__text\"><span class=\"dv-list__primary-text\">Seguimiento de proveedores para m\u00e1quinas y herramientas<\/span><span class=\"dv-list__secondary-text\">Usted comienza con la producci\u00f3n a tiempo y correctamente<\/span><\/div><\/div>\r\n<div class=\"dv-list__item\"><i class=\"material-icons\">extension<\/i><div class=\"dv-list__text\"><span class=\"dv-list__primary-text\">Apoyo en la puesta en servicio<\/span><span class=\"dv-list__secondary-text\">hasta SOP<\/span><\/div><\/div>\r\n<div class=\"dv-list__item\"><i class=\"material-icons\">extension<\/i><div class=\"dv-list__text\"><span class=\"dv-list__primary-text\">Optimizaci\u00f3n de procesos y fabricaci\u00f3n<\/span><span class=\"dv-list__secondary-text\">Usted consigue su n\u00famero de unidades nominal<\/span><\/div><\/div>\r\n<div class=\"dv-list__item\"><i class=\"material-icons\">extension<\/i><div class=\"dv-list__text\"><span class=\"dv-list__primary-text\">Proyectos de traslado de m\u00e1quinas y - herramientas la producci\u00f3n<\/span><span class=\"dv-list__secondary-text\">comienza en la nueva factor\u00eda en la fecha planificada<\/span><\/div><\/div>\r\n<\/div>\r\n<\/div>\r\n<\/div>\r\n<a class=\"dv-button\" href=\"https:\/\/www.evolution-team.com\/es-es\/clientes\/\" style=\"background-color:rgb(136, 14, 79);color:rgb(252, 228, 236);\"><i class=\"material-icons\">launch<\/i><span class=\"dv-button__text\">Clientes<\/span><\/a>\r\n<a class=\"dv-button\" href=\"https:\/\/www.evolution-team.com\/es-es\/prestaciones\/\" style=\"background-color:rgb(136, 14, 79);color:rgb(252, 228, 236);\"><i class=\"material-icons\">launch<\/i><span class=\"dv-button__text\">Prestaciones<\/span><\/a>\r\n<\/div><\/section>\r\n<section class=\"dv-content__section\" style=\"background:none 50% 50% \/ cover no-repeat scroll;background-color: rgba(255, 255, 255, 0);padding-bottom:32px;padding-top:32px;\"><div class=\"dv-content__section-inner dv-content--width-large\" style=\"padding-left:16px;padding-right:16px;\">\r\n<div class=\"dv-grid dv-grid--gap-\" style=\"margin-bottom:0px;margin-top:0px;\">\r\n<div class=\"dv-grid__cell dv-grid__cell--6 dv-grid__cell--4-phone dv-grid__cell--8-tablet dv-grid__cell--undefined-rows\" style=\"background:none 50% 50% \/ cover no-repeat scroll;background-color: rgba(255, 255, 255, 0);padding-bottom:0px;padding-left:0px;padding-right:0px;padding-top:0px;\">\r\n<h2>Sobre nosotros<\/h2>\r\n<p class=\"whitespace-normal break-words\">Somos una empresa experimentada y comprometida que opera en la industria automotriz y de proveedores.<\/p>\r\n<p class=\"whitespace-normal break-words\">Gracias a nuestro amplio conocimiento, conocemos los productos y las posibles tecnolog\u00edas de procesos.<\/p>\r\n<p class=\"whitespace-normal break-words\">Gracias a nuestro conocimiento en procesos de fabricaci\u00f3n, as\u00ed como en dise\u00f1o de herramientas y m\u00e1quinas, le ayudamos a adquirir los mejores equipos y herramientas para su proceso de fabricaci\u00f3n.<\/p>\r\n<p class=\"whitespace-normal break-words\">En la construcci\u00f3n de herramientas y m\u00e1quinas, coordinamos a sus proveedores para una entrega puntual de sus equipos.<\/p>\r\n<p class=\"whitespace-normal break-words\">Durante la coordinaci\u00f3n del arranque, le apoyamos para poner en marcha r\u00e1pidamente su producci\u00f3n.<\/p>\r\n<p class=\"whitespace-normal break-words\">Adem\u00e1s, le apoyamos en la gesti\u00f3n interina, en la optimizaci\u00f3n de procesos de fabricaci\u00f3n, as\u00ed como en aspectos t\u00e9cnicos.<\/p>\r\n<\/div>\r\n<div class=\"dv-grid__cell dv-grid__cell--6 dv-grid__cell--4-phone dv-grid__cell--8-tablet dv-grid__cell--undefined-rows\" style=\"background:none 50% 50% \/ cover no-repeat scroll;background-color: rgba(255, 255, 255, 0);padding-bottom:0px;padding-left:0px;padding-right:0px;padding-top:0px;\">\r\n<h2>Historia empresarial<\/h2>\r\n<p class=\"whitespace-normal break-words\">En el a\u00f1o 2000, la empresa evolution-team fue fundada por Ing. Bruno Sattlecker, con el enfoque <strong>\u00abdesde el desarrollo de procesos hasta el arranque de la producci\u00f3n en serie\u00bb<\/strong>.<\/p>\r\n<p class=\"whitespace-normal break-words\">Entre nuestros clientes se encuentran OEM&#8217;s y proveedores de sistemas Tier 1.<\/p>\r\n<p class=\"whitespace-normal break-words\">Desde el a\u00f1o 2006, evaluamos costos de productos, herramientas, m\u00e1quinas y dispositivos. Le ayudamos a encontrar los mejores fabricantes de equipos y piezas de suministro para su producto y sus procesos.<\/p>\r\n<p><strong>sinopsis detallada de proyectos:<\/strong><\/p>\r\n<a class=\"dv-button\" href=\"mailto:bruno.sattlecker@evolution-team.com\" style=\"background-color:rgb(136, 14, 79);color:rgb(252, 228, 236);\"><i class=\"material-icons\">email<\/i><span class=\"dv-button__text\">Bajo petici\u00f3n por correo electr\u00f3nico<\/span><\/a>\r\n<\/div>\r\n<\/div>\r\n<\/div><\/section>\r\n","protected":false},"excerpt":{"rendered":"<p>[dv-slider-slider slider_id=\u201c2\u2033 slider_title=\u201cHome\u201c][\/dv-slider-slider] calcular \u2013 optimizarproducir \u00e9xito en la industria automovil\u00edstica y de procesamiento de pl\u00e1sticos Gane su dinero en la producci\u00f3n.Con secuencias de producci\u00f3n y consumibles \u00f3ptimamente dise\u00f1ados en toda la cadena del proceso,as\u00ed como con especialistas con experiencia automovil\u00edstica disponibles a corto plazo para la implementaci\u00f3n de sus objetivos. [dv-theme-section background_color=\u201crgba(255, 255, 255, [\u2026]<\/p>\n","protected":false},"author":1,"featured_media":0,"parent":0,"menu_order":0,"comment_status":"closed","ping_status":"closed","template":"","meta":{"footnotes":""},"_links":{"self":[{"href":"https:\/\/www.evolution-team.com\/es-es\/wp-json\/wp\/v2\/pages\/4"}],"collection":[{"href":"https:\/\/www.evolution-team.com\/es-es\/wp-json\/wp\/v2\/pages"}],"about":[{"href":"https:\/\/www.evolution-team.com\/es-es\/wp-json\/wp\/v2\/types\/page"}],"author":[{"embeddable":true,"href":"https:\/\/www.evolution-team.com\/es-es\/wp-json\/wp\/v2\/users\/1"}],"replies":[{"embeddable":true,"href":"https:\/\/www.evolution-team.com\/es-es\/wp-json\/wp\/v2\/comments?post=4"}],"version-history":[{"count":22,"href":"https:\/\/www.evolution-team.com\/es-es\/wp-json\/wp\/v2\/pages\/4\/revisions"}],"predecessor-version":[{"id":649,"href":"https:\/\/www.evolution-team.com\/es-es\/wp-json\/wp\/v2\/pages\/4\/revisions\/649"}],"wp:attachment":[{"href":"https:\/\/www.evolution-team.com\/es-es\/wp-json\/wp\/v2\/media?parent=4"}],"curies":[{"name":"wp","href":"https:\/\/api.w.org\/{rel}","templated":true}]}}