{"id":16,"date":"2018-04-05T13:38:22","date_gmt":"2018-04-05T11:38:22","guid":{"rendered":"https:\/\/www.evolution-team.com\/ro-ro\/?page_id=16"},"modified":"2025-10-01T10:59:57","modified_gmt":"2025-10-01T08:59:57","slug":"clienti","status":"publish","type":"page","link":"https:\/\/www.evolution-team.com\/ro-ro\/clienti\/","title":{"rendered":"Clien\u021bi"},"content":{"rendered":"<section class=\"dv-content__section\" style=\"background:none 50% 50% \/ cover no-repeat scroll;background-color: rgb(255, 255, 255);padding-bottom:32px;padding-top:32px;\"><div class=\"dv-content__section-inner dv-content--width-large\" style=\"padding-left:16px;padding-right:16px;\">\r\n<h2>Clien\u021bi care au \u00eencredere \u00een echipa noastr\u0103.<\/h2>\r\n<div class=\"dv-grid dv-grid--gap-\" style=\"margin-bottom:0px;margin-top:0px;\">\r\n<div class=\"dv-grid__cell dv-grid__cell--2 dv-grid__cell--2-phone dv-grid__cell--2-tablet dv-grid__cell--undefined-rows\" style=\"background:none 50% 50% \/ cover no-repeat scroll;background-color: rgba(255, 255, 255, 0);padding-bottom:0px;padding-left:0px;padding-right:0px;padding-top:0px;\"><a class=\"customer-link\" href=\"http:\/\/www.grupoantolin.com\/\"><img loading=\"lazy\" decoding=\"async\" class=\"alignnone\" src=\"\/\/www.evolution-team.com\/wp-content\/uploads\/logo_antolin_color.svg\" alt=\"\" width=\"135\" height=\"96\"><\/a><\/div>\r\n<div class=\"dv-grid__cell dv-grid__cell--2 dv-grid__cell--2-phone dv-grid__cell--2-tablet dv-grid__cell--undefined-rows\" style=\"background:none 50% 50% \/ cover no-repeat scroll;background-color: rgba(255, 255, 255, 0);padding-bottom:0px;padding-left:0px;padding-right:0px;padding-top:0px;\"><a class=\"customer-link\" href=\"http:\/\/www.audi.de\"><img loading=\"lazy\" decoding=\"async\" class=\"alignnone\" src=\"\/\/www.evolution-team.com\/wp-content\/uploads\/logo_audi_color.svg\" alt=\"\" width=\"147\" height=\"96\"><\/a><\/div>\r\n<div class=\"dv-grid__cell dv-grid__cell--2 dv-grid__cell--2-phone dv-grid__cell--2-tablet dv-grid__cell--undefined-rows\" style=\"background:none 50% 50% \/ cover no-repeat scroll;background-color: rgba(255, 255, 255, 0);padding-bottom:0px;padding-left:0px;padding-right:0px;padding-top:0px;\"><a class=\"customer-link\" href=\"http:\/\/www.bmw.de\"><img loading=\"lazy\" decoding=\"async\" class=\"alignnone\" src=\"\/\/www.evolution-team.com\/wp-content\/uploads\/logo_bmw_color.svg\" alt=\"\" width=\"96\" height=\"96\"><\/a><\/div>\r\n<div class=\"dv-grid__cell dv-grid__cell--2 dv-grid__cell--2-phone dv-grid__cell--2-tablet dv-grid__cell--undefined-rows\" style=\"background:none 50% 50% \/ cover no-repeat scroll;background-color: rgba(255, 255, 255, 0);padding-bottom:0px;padding-left:0px;padding-right:0px;padding-top:0px;\"><a class=\"customer-link\" href=\"http:\/\/www.bmw-motorrad.de\"><img loading=\"lazy\" decoding=\"async\" class=\"alignnone\" src=\"\/\/www.evolution-team.com\/wp-content\/uploads\/logo_bmw_motorrad_color.svg\" alt=\"\" width=\"457\" height=\"96\"><\/a><\/div>\r\n<div class=\"dv-grid__cell dv-grid__cell--2 dv-grid__cell--2-phone dv-grid__cell--2-tablet dv-grid__cell--undefined-rows\" style=\"background:none 50% 50% \/ cover no-repeat scroll;background-color: rgba(255, 255, 255, 0);padding-bottom:0px;padding-left:0px;padding-right:0px;padding-top:0px;\">\r\n<div class=\"customer-link\"><img loading=\"lazy\" decoding=\"async\" class=\"alignnone\" src=\"\/\/www.evolution-team.com\/wp-content\/uploads\/logo_boshoku_color.svg\" alt=\"\" width=\"240\" height=\"96\"><\/div>\r\n<\/div>\r\n<div class=\"dv-grid__cell dv-grid__cell--2 dv-grid__cell--2-phone dv-grid__cell--2-tablet dv-grid__cell--undefined-rows\" style=\"background:none 50% 50% \/ cover no-repeat scroll;background-color: rgba(255, 255, 255, 0);padding-bottom:0px;padding-left:0px;padding-right:0px;padding-top:0px;\"><a class=\"customer-link\" href=\"http:\/\/www.draexlmaier.com\"><img loading=\"lazy\" decoding=\"async\" class=\"alignnone\" src=\"\/\/www.evolution-team.com\/wp-content\/uploads\/logo_draexelmaier_color.svg\" alt=\"\" width=\"192\" height=\"96\"><\/a><\/div>\r\n<div class=\"dv-grid__cell dv-grid__cell--2 dv-grid__cell--2-phone dv-grid__cell--2-tablet dv-grid__cell--undefined-rows\" style=\"background:none 50% 50% \/ cover no-repeat scroll;background-color: rgba(255, 255, 255, 0);padding-bottom:0px;padding-left:0px;padding-right:0px;padding-top:0px;\"><a class=\"customer-link\" href=\"https:\/\/www.eacc.de\"><img loading=\"lazy\" decoding=\"async\" class=\"alignnone\" src=\"\/\/www.evolution-team.com\/wp-content\/uploads\/logo_eacc_color.svg\" alt=\"\" width=\"223\" height=\"96\"><\/a><\/div>\r\n<div class=\"dv-grid__cell dv-grid__cell--2 dv-grid__cell--2-phone dv-grid__cell--2-tablet dv-grid__cell--undefined-rows\" style=\"background:none 50% 50% \/ cover no-repeat scroll;background-color: rgba(255, 255, 255, 0);padding-bottom:0px;padding-left:0px;padding-right:0px;padding-top:0px;\"><a class=\"customer-link\" href=\"http:\/\/www.faurecia.de\/\"><img loading=\"lazy\" decoding=\"async\" class=\"alignnone\" src=\"\/\/www.evolution-team.com\/wp-content\/uploads\/logo_faurecia_color.svg\" alt=\"\" width=\"320\" height=\"96\"><\/a><\/div>\r\n<div class=\"dv-grid__cell dv-grid__cell--2 dv-grid__cell--2-phone dv-grid__cell--2-tablet dv-grid__cell--undefined-rows\" style=\"background:none 50% 50% \/ cover no-repeat scroll;background-color: rgba(255, 255, 255, 0);padding-bottom:0px;padding-left:0px;padding-right:0px;padding-top:0px;\"><a class=\"customer-link\" href=\"http:\/\/www.forteq-group.com\/\"><img loading=\"lazy\" decoding=\"async\" class=\"alignnone\" src=\"\/\/www.evolution-team.com\/wp-content\/uploads\/logo_forteq_color.svg\" alt=\"\" width=\"191\" height=\"96\"><\/a><\/div>\r\n<div class=\"dv-grid__cell dv-grid__cell--2 dv-grid__cell--2-phone dv-grid__cell--2-tablet dv-grid__cell--undefined-rows\" style=\"background:none 50% 50% \/ cover no-repeat scroll;background-color: rgba(255, 255, 255, 0);padding-bottom:0px;padding-left:0px;padding-right:0px;padding-top:0px;\"><a class=\"customer-link\" href=\"http:\/\/www.fuerda-china.com\"><img loading=\"lazy\" decoding=\"async\" class=\"alignnone\" src=\"\/\/www.evolution-team.com\/wp-content\/uploads\/logo_fuerda_china_color.svg\" alt=\"\" width=\"379\" height=\"96\"><\/a><\/div>\r\n<div class=\"dv-grid__cell dv-grid__cell--2 dv-grid__cell--2-phone dv-grid__cell--2-tablet dv-grid__cell--undefined-rows\" style=\"background:none 50% 50% \/ cover no-repeat scroll;background-color: rgba(255, 255, 255, 0);padding-bottom:0px;padding-left:0px;padding-right:0px;padding-top:0px;\"><a class=\"customer-link\" href=\"http:\/\/www.iacgroup.com\/\"><img loading=\"lazy\" decoding=\"async\" class=\"alignnone\" src=\"\/\/www.evolution-team.com\/wp-content\/uploads\/logo_iac_color.svg\" alt=\"\" width=\"299\" height=\"96\"><\/a><\/div>\r\n<div class=\"dv-grid__cell dv-grid__cell--2 dv-grid__cell--2-phone dv-grid__cell--2-tablet dv-grid__cell--undefined-rows\" style=\"background:none 50% 50% \/ cover no-repeat scroll;background-color: rgba(255, 255, 255, 0);padding-bottom:0px;padding-left:0px;padding-right:0px;padding-top:0px;\"><a class=\"customer-link\" href=\"https:\/\/www.intevaproducts.com\"><img loading=\"lazy\" decoding=\"async\" class=\"alignnone\" src=\"\/\/www.evolution-team.com\/wp-content\/uploads\/logo_inteva_color.svg\" alt=\"\" width=\"399\" height=\"96\"><\/a><\/div>\r\n<div class=\"dv-grid__cell dv-grid__cell--2 dv-grid__cell--2-phone dv-grid__cell--2-tablet dv-grid__cell--undefined-rows\" style=\"background:none 50% 50% \/ cover no-repeat scroll;background-color: rgba(255, 255, 255, 0);padding-bottom:0px;padding-left:0px;padding-right:0px;padding-top:0px;\"><a class=\"customer-link\" href=\"https:\/\/www.deere.de\"><img loading=\"lazy\" decoding=\"async\" class=\"alignnone\" src=\"\/\/www.evolution-team.com\/wp-content\/uploads\/logo_john_deere_color.svg\" alt=\"\" width=\"130\" height=\"96\"><\/a><\/div>\r\n<div class=\"dv-grid__cell dv-grid__cell--2 dv-grid__cell--2-phone dv-grid__cell--2-tablet dv-grid__cell--undefined-rows\" style=\"background:none 50% 50% \/ cover no-repeat scroll;background-color: rgba(255, 255, 255, 0);padding-bottom:0px;padding-left:0px;padding-right:0px;padding-top:0px;\"><a class=\"customer-link\" href=\"http:\/\/www.volkswagen.de\"><img loading=\"lazy\" decoding=\"async\" class=\"alignnone\" src=\"\/\/www.evolution-team.com\/wp-content\/uploads\/logo_karmann_color.svg\" alt=\"\" width=\"474\" height=\"96\"><\/a><\/div>\r\n<div class=\"dv-grid__cell dv-grid__cell--2 dv-grid__cell--2-phone dv-grid__cell--2-tablet dv-grid__cell--undefined-rows\" style=\"background:none 50% 50% \/ cover no-repeat scroll;background-color: rgba(255, 255, 255, 0);padding-bottom:0px;padding-left:0px;padding-right:0px;padding-top:0px;\"><a class=\"customer-link\" href=\"http:\/\/www.lear.de\/\"><img loading=\"lazy\" decoding=\"async\" class=\"alignnone\" src=\"\/\/www.evolution-team.com\/wp-content\/uploads\/logo_lear_color.svg\" alt=\"\" width=\"293\" height=\"96\"><\/a><\/div>\r\n<div class=\"dv-grid__cell dv-grid__cell--2 dv-grid__cell--2-phone dv-grid__cell--2-tablet dv-grid__cell--undefined-rows\" style=\"background:none 50% 50% \/ cover no-repeat scroll;background-color: rgba(255, 255, 255, 0);padding-bottom:0px;padding-left:0px;padding-right:0px;padding-top:0px;\"><a class=\"customer-link\" href=\"http:\/\/www.magna.com\/\"><img loading=\"lazy\" decoding=\"async\" class=\"alignnone\" src=\"\/\/www.evolution-team.com\/wp-content\/uploads\/logo_magna_color.svg\" alt=\"\" width=\"378\" height=\"96\"><\/a><\/div>\r\n<div class=\"dv-grid__cell dv-grid__cell--2 dv-grid__cell--2-phone dv-grid__cell--2-tablet dv-grid__cell--undefined-rows\" style=\"background:none 50% 50% \/ cover no-repeat scroll;background-color: rgba(255, 255, 255, 0);padding-bottom:0px;padding-left:0px;padding-right:0px;padding-top:0px;\"><a class=\"customer-link\" href=\"http:\/\/www.mini.de\"><img loading=\"lazy\" decoding=\"async\" class=\"alignnone\" src=\"\/\/www.evolution-team.com\/wp-content\/uploads\/logo_mini_color.svg\" alt=\"\" width=\"194\" height=\"96\"><\/a><\/div>\r\n<div class=\"dv-grid__cell dv-grid__cell--2 dv-grid__cell--2-phone dv-grid__cell--2-tablet dv-grid__cell--undefined-rows\" style=\"background:none 50% 50% \/ cover no-repeat scroll;background-color: rgba(255, 255, 255, 0);padding-bottom:0px;padding-left:0px;padding-right:0px;padding-top:0px;\"><a class=\"customer-link\" href=\"http:\/\/www.nbhx-trim.de\"><img loading=\"lazy\" decoding=\"async\" class=\"alignnone\" src=\"\/\/www.evolution-team.com\/wp-content\/uploads\/logo_nas_color.svg\" alt=\"\" width=\"128\" height=\"96\"><\/a><\/div>\r\n<div class=\"dv-grid__cell dv-grid__cell--2 dv-grid__cell--2-phone dv-grid__cell--2-tablet dv-grid__cell--undefined-rows\" style=\"background:none 50% 50% \/ cover no-repeat scroll;background-color: rgba(255, 255, 255, 0);padding-bottom:0px;padding-left:0px;padding-right:0px;padding-top:0px;\"><a class=\"customer-link\" href=\"http:\/\/www.nbhx-trim.de\"><img loading=\"lazy\" decoding=\"async\" class=\"alignnone\" src=\"\/\/www.evolution-team.com\/wp-content\/uploads\/logo_nbhx_color.svg\" alt=\"\" width=\"216\" height=\"96\"><\/a><\/div>\r\n<div class=\"dv-grid__cell dv-grid__cell--2 dv-grid__cell--2-phone dv-grid__cell--2-tablet dv-grid__cell--undefined-rows\" style=\"background:none 50% 50% \/ cover no-repeat scroll;background-color: rgba(255, 255, 255, 0);padding-bottom:0px;padding-left:0px;padding-right:0px;padding-top:0px;\"><a class=\"customer-link\" href=\"http:\/\/www.smp-automotive.de\"><img loading=\"lazy\" decoding=\"async\" class=\"alignnone\" src=\"\/\/www.evolution-team.com\/wp-content\/uploads\/logo_peguform_color.svg\" alt=\"\" width=\"333\" height=\"96\"><\/a><\/div>\r\n<div class=\"dv-grid__cell dv-grid__cell--2 dv-grid__cell--2-phone dv-grid__cell--2-tablet dv-grid__cell--undefined-rows\" style=\"background:none 50% 50% \/ cover no-repeat scroll;background-color: rgba(255, 255, 255, 0);padding-bottom:0px;padding-left:0px;padding-right:0px;padding-top:0px;\"><a class=\"customer-link\" href=\"http:\/\/www.rieter.com\/\"><img loading=\"lazy\" decoding=\"async\" class=\"alignnone\" src=\"\/\/www.evolution-team.com\/wp-content\/uploads\/logo_rieter_color.svg\" alt=\"\" width=\"312\" height=\"96\"><\/a><\/div>\r\n<div class=\"dv-grid__cell dv-grid__cell--2 dv-grid__cell--2-phone dv-grid__cell--2-tablet dv-grid__cell--undefined-rows\" style=\"background:none 50% 50% \/ cover no-repeat scroll;background-color: rgba(255, 255, 255, 0);padding-bottom:0px;padding-left:0px;padding-right:0px;padding-top:0px;\"><a class=\"customer-link\" href=\"http:\/\/www.rolls-roycemotorcars.de\"><img loading=\"lazy\" decoding=\"async\" class=\"alignnone\" src=\"\/\/www.evolution-team.com\/wp-content\/uploads\/logo_rolls_color.svg\" alt=\"\" width=\"343\" height=\"96\"><\/a><\/div>\r\n<div class=\"dv-grid__cell dv-grid__cell--2 dv-grid__cell--2-phone dv-grid__cell--2-tablet dv-grid__cell--undefined-rows\" style=\"background:none 50% 50% \/ cover no-repeat scroll;background-color: rgba(255, 255, 255, 0);padding-bottom:0px;padding-left:0px;padding-right:0px;padding-top:0px;\"><a class=\"customer-link\" href=\"http:\/\/www.roechling.de\"><img loading=\"lazy\" decoding=\"async\" class=\"alignnone\" src=\"\/\/www.evolution-team.com\/wp-content\/uploads\/logo_roechling_color.svg\" alt=\"\" width=\"503\" height=\"96\"><\/a><\/div>\r\n<div class=\"dv-grid__cell dv-grid__cell--2 dv-grid__cell--2-phone dv-grid__cell--2-tablet dv-grid__cell--undefined-rows\" style=\"background:none 50% 50% \/ cover no-repeat scroll;background-color: rgba(255, 255, 255, 0);padding-bottom:0px;padding-left:0px;padding-right:0px;padding-top:0px;\"><a class=\"customer-link\" href=\"http:\/\/www.smp-automotive.de\"><img loading=\"lazy\" decoding=\"async\" class=\"alignnone\" src=\"\/\/www.evolution-team.com\/wp-content\/uploads\/logo_smp_color.svg\" alt=\"\" width=\"96\" height=\"96\"><\/a><\/div>\r\n<div class=\"dv-grid__cell dv-grid__cell--2 dv-grid__cell--2-phone dv-grid__cell--2-tablet dv-grid__cell--undefined-rows\" style=\"background:none 50% 50% \/ cover no-repeat scroll;background-color: rgba(255, 255, 255, 0);padding-bottom:0px;padding-left:0px;padding-right:0px;padding-top:0px;\"><a class=\"customer-link\" href=\"http:\/\/www.volkswagen.de\"><img loading=\"lazy\" decoding=\"async\" class=\"alignnone\" src=\"\/\/www.evolution-team.com\/wp-content\/uploads\/logo_vw_color.svg\" alt=\"\" width=\"96\" height=\"96\"><\/a><\/div>\r\n<\/div>\r\n<\/div><\/section>\r\n","protected":false},"excerpt":{"rendered":"<p>[dv-theme-section background_color=\u201drgba(255, 255, 255, 0)\u201d background_image=\u201dnone 50% 50% \/ cover no-repeat scroll\u201d border_bottom=\u201d0\u2033 border_top=\u201d0\u2033 color=\u201drgb(0, 0, 0)\u201d inner_width=\u201dlarge\u201d padding_bottom=\u201d32\u2033 padding_top=\u201d32\u2033] Manager interim de proiect Pentru a v\u0103 \u00eendeplini obiectivele, noi punem la dispozi\u021bia clien\u021bilor no\u0219tri, \u201e\u00een scurt timp\u201d, angaja\u021bi cu experien\u021b\u0103 \u0219i know-how \u00een domeniul prelucr\u0103rii materialelor plastice, construc\u021biei de ma\u0219ini \u0219i scule, logisticii, calit\u0103\u021bii, [\u2026]<\/p>\n","protected":false},"author":1,"featured_media":0,"parent":0,"menu_order":0,"comment_status":"closed","ping_status":"closed","template":"","meta":{"footnotes":""},"_links":{"self":[{"href":"https:\/\/www.evolution-team.com\/ro-ro\/wp-json\/wp\/v2\/pages\/16"}],"collection":[{"href":"https:\/\/www.evolution-team.com\/ro-ro\/wp-json\/wp\/v2\/pages"}],"about":[{"href":"https:\/\/www.evolution-team.com\/ro-ro\/wp-json\/wp\/v2\/types\/page"}],"author":[{"embeddable":true,"href":"https:\/\/www.evolution-team.com\/ro-ro\/wp-json\/wp\/v2\/users\/1"}],"replies":[{"embeddable":true,"href":"https:\/\/www.evolution-team.com\/ro-ro\/wp-json\/wp\/v2\/comments?post=16"}],"version-history":[{"count":10,"href":"https:\/\/www.evolution-team.com\/ro-ro\/wp-json\/wp\/v2\/pages\/16\/revisions"}],"predecessor-version":[{"id":639,"href":"https:\/\/www.evolution-team.com\/ro-ro\/wp-json\/wp\/v2\/pages\/16\/revisions\/639"}],"wp:attachment":[{"href":"https:\/\/www.evolution-team.com\/ro-ro\/wp-json\/wp\/v2\/media?parent=16"}],"curies":[{"name":"wp","href":"https:\/\/api.w.org\/{rel}","templated":true}]}}