{"id":22,"date":"2018-04-05T13:46:56","date_gmt":"2018-04-05T11:46:56","guid":{"rendered":"https:\/\/www.evolution-team.com\/ro-ro\/?page_id=22"},"modified":"2025-10-01T17:46:11","modified_gmt":"2025-10-01T15:46:11","slug":"cariere","status":"publish","type":"page","link":"https:\/\/www.evolution-team.com\/ro-ro\/cariere\/","title":{"rendered":"Cariere"},"content":{"rendered":"<section class=\"dv-content__section\" style=\"background:none 50% 50% \/ cover no-repeat scroll;background-color: rgba(255, 255, 255, 0);padding-bottom:64px;padding-top:32px;\"><div class=\"dv-content__section-inner dv-content--width-large\" style=\"padding-left:16px;padding-right:16px;\">\r\n<div class=\"dv-grid dv-grid--gap-\" style=\"margin-bottom:0px;margin-top:0px;\">\r\n<div class=\"dv-grid__cell dv-grid__cell--6 dv-grid__cell--4-phone dv-grid__cell--8-tablet dv-grid__cell--undefined-rows\" style=\"background:none 50% 50% \/ cover no-repeat scroll;background-color: rgba(255, 255, 255, 0);padding-bottom:0px;padding-left:0px;padding-right:0px;padding-top:0px;\">\r\n<h2>V\u0103 plac noile oportunit\u0103\u021bi?<\/h2>\r\n<p>La evolution-team ve\u021bi avea un loc de munc\u0103 \u00eentr-un mediu dinamic, mereu \u00een schimbare! Evolu\u021bia tehnicii reprezint\u0103 \u00eentotdeauna o provocare nou\u0103, interesant\u0103, \u0219i necesit\u0103 noi solu\u021bii \u0219i strategii.<\/p>\r\n<p>C\u0103ut\u0103m colaboratori califica\u021bi \u0219i motiva\u021bi care s\u0103 r\u0103spund\u0103 \u00een mod activ cerin\u021belor clien\u021bilor no\u0219tri, s\u0103 formuleze concepte noi \u0219i totodat\u0103 s\u0103 le pun\u0103 \u00een aplicare!<\/p>\r\n<p>A\u021bi terminat o facultate \u00een domeniul tehnic, sau o alt\u0103 form\u0103 de educa\u021bie cu profil tehnic?<\/p>\r\n<\/div>\r\n<div class=\"dv-grid__cell dv-grid__cell--6 dv-grid__cell--4-phone dv-grid__cell--8-tablet dv-grid__cell--undefined-rows\" style=\"background:none 50% 50% \/ cover no-repeat scroll;background-color: rgba(255, 255, 255, 0);padding-bottom:0px;padding-left:0px;padding-right:0px;padding-top:0px;\">\r\n<h2>Solicit\u0103ri pentru angaja\u021bi<\/h2>\r\n<h3>\u0219i colaboratori<\/h3>\r\n<h6>1. desc\u0103rca\u021bi fi\u0219ierul cu profilul pentru angajat<\/h6>\r\n<a class=\"dv-button\" href=\"https:\/\/www.evolution-team.com\/wp-content\/uploads\/MA_Profil-VORLAGE_2018.doc\" style=\"background-color:rgb(136, 14, 79);color:rgb(252, 228, 236);\"><i class=\"material-icons\">file_download<\/i><span class=\"dv-button__text\">Profilul pentru angajat<\/span><\/a>\r\n<h6>2. completa\u021bi toate datele profilului de angajat<\/h6>\r\n<h6>3. Trimite\u021bi profilul complet de angajat \u00eempreun\u0103 cu CV-ul dvs. \u0219i toate eventualele calific\u0103ri suplimentare la <a href=\"mailto:bruno.sattlecker@evolution-team.com\">bruno.sattlecker@evolution-team.com<\/a><\/h6>\r\n<\/div>\r\n<\/div>\r\n<\/div><\/section>\r\n","protected":false},"excerpt":{"rendered":"<p>[dv-theme-section background_color=\u201crgba(255, 255, 255, 0)\u201c background_image=\u201cnone 50% 50% \/ cover no-repeat scroll\u201c border_bottom=\u201c0\u2033 border_top=\u201c0\u2033 color=\u201crgb(0, 0, 0)\u201c inner_width=\u201clarge\u201c padding_bottom=\u201c32\u2033 padding_top=\u201c32\u2033] [dv-theme-grid gutter=\u201c24\u2033 margin_bottom=\u201c0\u2033 margin_top=\u201c0\u2033] [dv-theme-cell background_color=\u201crgba(255, 255, 255, 0)\u201c background_image=\u201cnone 50% 50% \/ cover no-repeat scroll\u201c color=\u201crgb(0, 0, 0)\u201c columns=\u201c6\u2033 columns_on_phone=\u201c4\u2033 columns_on_tablet=\u201c8\u2033 padding_bottom=\u201c0\u2033 padding_left=\u201c0\u2033 padding_right=\u201c0\u2033 padding_top=\u201c0\u2033] V\u0103 plac noile oportunit\u0103\u021bi? La evolution-team ve\u021bi avea un [\u2026]<\/p>\n","protected":false},"author":1,"featured_media":0,"parent":0,"menu_order":0,"comment_status":"closed","ping_status":"closed","template":"","meta":{"footnotes":""},"_links":{"self":[{"href":"https:\/\/www.evolution-team.com\/ro-ro\/wp-json\/wp\/v2\/pages\/22"}],"collection":[{"href":"https:\/\/www.evolution-team.com\/ro-ro\/wp-json\/wp\/v2\/pages"}],"about":[{"href":"https:\/\/www.evolution-team.com\/ro-ro\/wp-json\/wp\/v2\/types\/page"}],"author":[{"embeddable":true,"href":"https:\/\/www.evolution-team.com\/ro-ro\/wp-json\/wp\/v2\/users\/1"}],"replies":[{"embeddable":true,"href":"https:\/\/www.evolution-team.com\/ro-ro\/wp-json\/wp\/v2\/comments?post=22"}],"version-history":[{"count":10,"href":"https:\/\/www.evolution-team.com\/ro-ro\/wp-json\/wp\/v2\/pages\/22\/revisions"}],"predecessor-version":[{"id":647,"href":"https:\/\/www.evolution-team.com\/ro-ro\/wp-json\/wp\/v2\/pages\/22\/revisions\/647"}],"wp:attachment":[{"href":"https:\/\/www.evolution-team.com\/ro-ro\/wp-json\/wp\/v2\/media?parent=22"}],"curies":[{"name":"wp","href":"https:\/\/api.w.org\/{rel}","templated":true}]}}