{"id":26,"date":"2018-04-05T13:47:37","date_gmt":"2018-04-05T11:47:37","guid":{"rendered":"https:\/\/www.evolution-team.com\/ro-ro\/?page_id=26"},"modified":"2025-10-01T17:44:12","modified_gmt":"2025-10-01T15:44:12","slug":"datele-companiei","status":"publish","type":"page","link":"https:\/\/www.evolution-team.com\/ro-ro\/datele-companiei\/","title":{"rendered":"Datele companiei"},"content":{"rendered":"<section class=\"dv-content__section\" style=\"background:none 50% 50% \/ cover no-repeat scroll;background-color: rgba(255, 255, 255, 0);padding-bottom:32px;padding-top:32px;\"><div class=\"dv-content__section-inner dv-content--width-large\" style=\"padding-left:16px;padding-right:16px;\">\r\n<h2>Responsabil pentru pagina de web<\/h2>\r\n<div class=\"dv-grid dv-grid--gap-\" style=\"margin-bottom:0px;margin-top:0px;\">\r\n<div class=\"dv-grid__cell dv-grid__cell--4 dv-grid__cell--4-phone dv-grid__cell--8-tablet dv-grid__cell--undefined-rows\" style=\"background:none 50% 50% \/ cover no-repeat scroll;background-color: rgba(255, 255, 255, 0);padding-bottom:0px;padding-left:0px;padding-right:0px;padding-top:0px;\">\r\n<div class=\"dv-list\" style=\"background-color:rgba(255, 255, 255, 0);color:rgb(0, 0, 0);\">\r\n<div class=\"dv-list__item\"><i class=\"material-icons\">person<\/i><div class=\"dv-list__text\"><span class=\"dv-list__primary-text\">GF: Ing. Bruno Sattlecker<\/span><\/div><\/div>\r\n<div class=\"dv-list__item dv-list__item--indent\"><div class=\"dv-list__text\"><span class=\"dv-list__primary-text\">HRB Nr.: FN 24 13 50 b<\/span><\/div><\/div>\r\n<div class=\"dv-list__item dv-list__item--indent\"><div class=\"dv-list__text\"><span class=\"dv-list__primary-text\">UID-Nr.: ATU 57 43 27 36<\/span><\/div><\/div>\r\n<div class=\"dv-list__item dv-list__item--indent\"><div class=\"dv-list__text\"><span class=\"dv-list__primary-text\">Biroul de \u00eenregistrare: Ried im Innkreis<\/span><\/div><\/div>\r\n<\/div>\r\n<\/div>\r\n<div class=\"dv-grid__cell dv-grid__cell--8 dv-grid__cell--4-phone dv-grid__cell--8-tablet dv-grid__cell--undefined-rows\" style=\"background:none 50% 50% \/ cover no-repeat scroll;background-color: rgba(255, 255, 255, 0);padding-bottom:0px;padding-left:0px;padding-right:0px;padding-top:0px;\">\r\n<div class=\"dv-list\" style=\"background-color:rgba(255, 255, 255, 0);color:rgb(0, 0, 0);\">\r\n<div class=\"dv-list__item\"><i class=\"material-icons\">location_on<\/i><div class=\"dv-list__text\"><span class=\"dv-list__primary-text\">Unterlochnerstra\u00dfe 21b, A-5230 Mattighofen<\/span><\/div><\/div>\r\n<a href=\"tel:+43774231984\" class=\"dv-list__item\"><i class=\"material-icons\">phone<\/i><div class=\"dv-list__text\"><span class=\"dv-list__primary-text\">+43 7742 31984<\/span><\/div><\/a>\r\n<a href=\"mailto:bruno.sattlecker@evolution-team.com\" class=\"dv-list__item\"><i class=\"material-icons\">email<\/i><div class=\"dv-list__text\"><span class=\"dv-list__primary-text\">bruno.sattlecker@evolution-team.com<\/span><\/div><\/a>\r\n<\/div>\r\n<\/div>\r\n<\/div>\r\n<a class=\"dv-button\" href=\"\/\/www.evolution-team.com\/ro-ro\/politica-de-confidentialitate\/\" style=\"background-color:rgb(136, 14, 79);color:rgb(255, 255, 255);\"><i class=\"material-icons\">launch<\/i><span class=\"dv-button__text\">Politica de confidentialitate<\/span><\/a>\r\n<\/div><\/section>\r\n<section class=\"dv-content__section\" style=\"background:none 50% 50% \/ cover no-repeat scroll;background-color: rgb(245, 245, 245);padding-bottom:32px;padding-top:32px;\"><div class=\"dv-content__section-inner dv-content--width-large\" style=\"padding-left:16px;padding-right:16px;\">\r\n<h2>Proiectare \u0219i implementare tehnic\u0103<\/h2>\r\n<div class=\"dv-list\" style=\"background-color:rgba(255, 255, 255, 0);color:rgb(0, 0, 0);\">\r\n<div class=\"dv-list__item\"><i class=\"material-icons\">person<\/i><div class=\"dv-list__text\"><span class=\"dv-list__primary-text\">Dynamic-Visual (Mike Krister)<\/span><\/div><\/div>\r\n<a href=\"mailto:info@dynamic-visual.com\" class=\"dv-list__item\"><i class=\"material-icons\">email<\/i><div class=\"dv-list__text\"><span class=\"dv-list__primary-text\">info@dynamic-visual.com<\/span><\/div><\/a>\r\n<a href=\"https:\/\/www.dynamic-visual.com\" class=\"dv-list__item\"><i class=\"material-icons\">public<\/i><div class=\"dv-list__text\"><span class=\"dv-list__primary-text\">www.dynamic-visual.com<\/span><\/div><\/a>\r\n<\/div>\r\n<\/div><\/section>\r\n<section class=\"dv-content__section\" style=\"background:none 50% 50% \/ cover no-repeat scroll;background-color: rgba(255, 255, 255, 0);padding-bottom:32px;padding-top:32px;\"><div class=\"dv-content__section-inner dv-content--width-large\" style=\"padding-left:16px;padding-right:16px;\">\r\n<h2>Excluderea r\u0103spunderii<\/h2>\r\n<h3>Con\u021binutul ofertei online<\/h3>\r\n<p>Autorul nu \u00ee\u0219i asum\u0103 responsabilitatea pentru actualitatea, corectitudinea, exhaustivitatea sau calitatea informa\u021biilor furnizate. Sunt excluse din principiu reclama\u021biile \u00eempotriva autorului care se refer\u0103 la pagube de natur\u0103 material\u0103 sau imaterial\u0103 \u0219i care au fost cauzate de utilizarea sau de neutilizarea informa\u021biilor furnizate sau de utilizarea unor informa\u021bii incorecte \u0219i incomplete, cu excep\u021bia cazului \u00een care se poate dovedi c\u0103 autorul este vinovat de ac\u021biune inten\u021bionat\u0103 sau de grav\u0103 neglijen\u021b\u0103. Toate ofertele pot fi subiectul unor modific\u0103ri \u0219i nu constituie obliga\u021bii. Autorul \u00ee\u0219i rezerv\u0103 \u00een mod expres dreptul de a modifica, a completa sau \u0219terge anumite p\u0103r\u021bi din pagin\u0103 sau \u00eentreaga ofert\u0103, f\u0103r\u0103 o notificare prealabil\u0103, sau de a opri temporar sau permanent publicarea acestora.<\/p>\r\n<h3>Referin\u021be \u0219i link-uri<\/h3>\r\n<p>\u00cen cazul unor referin\u021be directe sau indirecte la site-uri web externe (hyperlink-uri) care nu sunt \u00een sfera de responsabilitate a autorului, o r\u0103spundere ar exista numai \u00een cazul \u00een care autorul cunoa\u0219te con\u021binutul \u0219i dac\u0103 el are posibilitatea, din punct de vedere tehnic \u0219i \u00een mod rezonabil, de a \u00eempiedica utilizarea con\u021binutului \u00een cazul \u00een care acest con\u021binut este ilegal. Autorul declar\u0103 prin aceasta \u00een mod expres c\u0103, \u00een momentul realiz\u0103rii link-ului de internet, nu a fost detectat niciun con\u021binut ilegal \u00een paginile pentru care apoi s-a realizat link-ul de internet. Autorul nu poate influen\u021ba \u00een niciun fel, nici \u00een prezent \u0219i nici \u00een viitor, designul, con\u021binutului sau aspectele privind dreptul de autor referitoare la paginile cu link\/conectare de internet. Prin urmare, el se disociaz\u0103 \u00een mod expres de toate con\u021binuturile tuturor paginile cu link\/conectare de internet care au fost modificate dup\u0103 realizarea link-ului. Aceast\u0103 prevedere se aplic\u0103 tuturor link-urilor \u0219i referin\u021belor din propria ofert\u0103 de pe internet, precum \u0219i pentru \u00eenregistr\u0103rile externe din \u201ec\u0103r\u021bi de oaspe\u021bi\u201d, forumuri de discu\u021bii, liste de link-uri, liste de adrese \u0219i toate celelalte forme de baze de date cu ajutorul c\u0103rora pot fi realizate \u00eenscrieri de informa\u021bii din exterior. Pentru un eventual con\u021binut ilegal, incorect sau incomplet \u0219i \u00een special pentru pagubele rezultate din utilizarea sau neutilizarea acestor informa\u021bii prezentate, r\u0103spunderea \u00eei revine numai furnizorul paginii de internet la care s-a f\u0103cut referire \u0219i nu acelei persoane care doar face referire, cu ajutorul acelui link, la publica\u021bia respectiv\u0103.<\/p>\r\n<h3>Dreptul de autor \u0219i proprietatea asupra m\u0103rcilor comerciale<\/h3>\r\n<p>Autorul se str\u0103duie\u0219te s\u0103 respecte \u00een toate publica\u021biile drepturile de autor pentru graficele, documentele audio, secven\u021bele video \u0219i textele folosite, s\u0103 utilizeze grafice, documente audio, secven\u021be video \u0219i texte create de el \u00eensu\u0219i sau s\u0103 foloseasc\u0103 grafice, documente audio, secven\u021be video \u0219i texte care nu necesit\u0103 licen\u021b\u0103. Toate m\u0103rcile comerciale \u0219i de firm\u0103 men\u021bionate \u00een oferta de pe internet \u0219i care sunt eventual protejate de ter\u021bi sunt supuse, f\u0103r\u0103 restric\u021bii, prevederilor aplicabile ale legii privind m\u0103rcile comerciale \u0219i drepturile de proprietate ale respectivilor proprietari \u00eenregistra\u021bi. \u00cen cazul \u00een care aceste m\u0103rci sunt doar men\u021bionate, nu trebuie s\u0103 fie tras\u0103 concluzia c\u0103 aceste m\u0103rci comerciale nu ar fi protejate prin drepturile ter\u021bilor! Copyright-ul pentru obiectele create de autor \u00eel are numai autorul. Reproducerea sau utilizarea unor astfel de grafice documente audio, secven\u021be video \u0219i texte \u00een alte publica\u021bii, \u00een format electronic sau tip\u0103rite, nu este permis\u0103 dec\u00e2t cu permisiunea expres\u0103 a autorului.<\/p>\r\n<h3>Valabilitatea legal\u0103 a acestei clauze de excludere a r\u0103spunderii<\/h3>\r\n<p>Aceast\u0103 clauz\u0103 de excludere a r\u0103spunderii trebuie s\u0103 fie considerat\u0103 ca parte a ofertei de pe internet de la care a fost f\u0103cut\u0103 referirea c\u0103tre aceast\u0103 pagin\u0103. \u00cen cazul \u00een care anumite pasaje sau formul\u0103ri individuale din acest text nu sunt corecte, nu mai sunt sau nu sunt \u00een totalitate corecte din punct de vedere legal, acest fapt nu va influen\u021ba con\u021binutul sau valabilitatea celorlalte p\u0103r\u021bi ale acestui document.<\/p>\r\n<\/div><\/section>\r\n","protected":false},"excerpt":{"rendered":"<p>[dv-theme-section background_color=\u201crgba(255, 255, 255, 0)\u201c background_image=\u201cnone 50% 50% \/ cover no-repeat scroll\u201c border_bottom=\u201c0\u2033 border_top=\u201c0\u2033 color=\u201crgb(0, 0, 0)\u201c inner_width=\u201clarge\u201c padding_bottom=\u201c32\u2033 padding_top=\u201c32\u2033] Responsabil pentru pagina de web [dv-theme-grid gutter=\u201c24\u2033 margin_bottom=\u201c0\u2033 margin_top=\u201c0\u2033] [dv-theme-cell background_color=\u201crgba(255, 255, 255, 0)\u201c background_image=\u201cnone 50% 50% \/ cover no-repeat scroll\u201c color=\u201crgb(0, 0, 0)\u201c columns=\u201c4\u2033 columns_on_phone=\u201c4\u2033 columns_on_tablet=\u201c8\u2033 padding_bottom=\u201c0\u2033 padding_left=\u201c0\u2033 padding_right=\u201c0\u2033 padding_top=\u201c0\u2033] [dv-theme-list background_color=\u201crgba(255, 255, 255, [\u2026]<\/p>\n","protected":false},"author":1,"featured_media":0,"parent":0,"menu_order":0,"comment_status":"closed","ping_status":"closed","template":"","meta":{"footnotes":""},"_links":{"self":[{"href":"https:\/\/www.evolution-team.com\/ro-ro\/wp-json\/wp\/v2\/pages\/26"}],"collection":[{"href":"https:\/\/www.evolution-team.com\/ro-ro\/wp-json\/wp\/v2\/pages"}],"about":[{"href":"https:\/\/www.evolution-team.com\/ro-ro\/wp-json\/wp\/v2\/types\/page"}],"author":[{"embeddable":true,"href":"https:\/\/www.evolution-team.com\/ro-ro\/wp-json\/wp\/v2\/users\/1"}],"replies":[{"embeddable":true,"href":"https:\/\/www.evolution-team.com\/ro-ro\/wp-json\/wp\/v2\/comments?post=26"}],"version-history":[{"count":6,"href":"https:\/\/www.evolution-team.com\/ro-ro\/wp-json\/wp\/v2\/pages\/26\/revisions"}],"predecessor-version":[{"id":646,"href":"https:\/\/www.evolution-team.com\/ro-ro\/wp-json\/wp\/v2\/pages\/26\/revisions\/646"}],"wp:attachment":[{"href":"https:\/\/www.evolution-team.com\/ro-ro\/wp-json\/wp\/v2\/media?parent=26"}],"curies":[{"name":"wp","href":"https:\/\/api.w.org\/{rel}","templated":true}]}}