{"id":6,"date":"2018-03-13T13:55:10","date_gmt":"2018-03-13T12:55:10","guid":{"rendered":"https:\/\/www.evolution-team.com\/ro-ro\/?page_id=6"},"modified":"2025-10-01T17:41:39","modified_gmt":"2025-10-01T15:41:39","slug":"acasa","status":"publish","type":"page","link":"https:\/\/www.evolution-team.com\/ro-ro\/","title":{"rendered":"Acas\u0103"},"content":{"rendered":"<section style=\"overflow: hidden; position: relative;\">\r\n<div style=\"padding-bottom: 64px; padding-top: 96px; visibility: hidden;\">\r\n<h1 class=\"dv-typography--display-1\" style=\"color: #fff; text-align: center;\"><strong>s\u0103 calcul\u0103m &#8211; s\u0103 optimiz\u0103m<br>s\u0103 producem cu succes<\/strong><\/h1>\r\n<h3 style=\"color: #fff; text-align: center;\">\u00een industria automobilelor \u0219i a prelucr\u0103rii materialelor plastice<\/h3>\r\n<h6 style=\"color: #f48fb1; text-align: center;\"><strong>C\u00e2\u0219tiga\u021bi bani prin produc\u021bie.<\/strong><br>Ingineria noastr\u0103 de costuri cu angaja\u021bi experimenta\u021bi din departamentele de dezvoltare \u0219i produc\u021bie<br>v\u0103 sprijin\u0103 \u00een implementarea proiectelor dumneavoastr\u0103 la cel mai bun pre\u021b \u0219i cu cele mai bune practici.<br><br>Datorit\u0103 unor procese de produc\u021bie \u0219i echipamente proiectate \u00eentr-un mod optim pentru \u00eentregul lan\u021b al proceselor,<br>precum \u0219i datorit\u0103 unor speciali\u0219ti care v\u0103 ofer\u0103 prompt serviciile, cu experien\u021b\u0103 \u00een industria automobilelor, v\u0103 pute\u021bi atinge obiectivele propuse.<\/h6>\r\n<\/div>\r\n<div style=\"bottom: 0; left: 0; position: absolute; right: 0; top: 0;\">\r\n<div class=\"dv-slider\" data-transition-active=\"1\" data-transition-type=\"fade\" style=\"background-color: rgb(0, 0, 0); height: 1024px; margin-bottom: 0; margin-top: 0; width: 100%;\"><div class=\"dv-slider__slides\"><div class=\"dv-slider__slide\" style=\"background: url(https:\/\/www.evolution-team.com\/wp-content\/uploads\/DSC040921.jpg) 50% 50% \/ cover no-repeat fixed rgba(255, 255, 255, 0);\" data-duration=\"3\" data-url=\"\"> <\/div><div class=\"dv-slider__slide\" style=\"background: url(https:\/\/www.evolution-team.com\/wp-content\/uploads\/DSC03952.jpg) 50% 50% \/ cover no-repeat fixed rgba(255, 255, 255, 0);\" data-duration=\"3\" data-url=\"\"> <\/div><div class=\"dv-slider__slide\" style=\"background: url(https:\/\/www.evolution-team.com\/wp-content\/uploads\/DSC04003.jpg) 50% 50% \/ cover no-repeat fixed rgba(255, 255, 255, 0);\" data-duration=\"3\" data-url=\"\"> <\/div><div class=\"dv-slider__slide\" style=\"background: url(https:\/\/www.evolution-team.com\/wp-content\/uploads\/DSC03716.jpg) 50% 50% \/ cover no-repeat fixed rgba(255, 255, 255, 0);\" data-duration=\"3\" data-url=\"\"> <\/div><div class=\"dv-slider__slide\" style=\"background: url(https:\/\/www.evolution-team.com\/wp-content\/uploads\/DSC03773.jpg) 50% 50% \/ cover no-repeat fixed rgba(255, 255, 255, 0);\" data-duration=\"3\" data-url=\"\"> <\/div><\/div><\/div>\r\n<\/div>\r\n<div style=\"bottom: 0; left: 0; padding-bottom: 64px; padding-top: 96px; position: absolute; right: 0; top: 0;\">\r\n<h1 class=\"dv-typography--display-1\" style=\"color: #fff; text-align: center;\"><strong>s\u0103 calcul\u0103m &#8211; s\u0103 optimiz\u0103m<br>s\u0103 producem cu succes<\/strong><\/h1>\r\n<h3 style=\"color: #fff; text-align: center;\">\u00een industria automobilelor \u0219i a prelucr\u0103rii materialelor plastice<\/h3>\r\n<h6 style=\"color: #f48fb1; text-align: center;\"><span style=\"color: #9fa8da;\"><strong>C\u00e2\u0219tiga\u021bi bani prin produc\u021bie.<\/strong><\/span><br><span style=\"color: #9fa8da;\">Ingineria noastr\u0103 de costuri cu angaja\u021bi experimenta\u021bi din departamentele de dezvoltare \u0219i produc\u021bie<br>v\u0103 sprijin\u0103 \u00een implementarea proiectelor dumneavoastr\u0103 la cel mai bun pre\u021b \u0219i cu cele mai bune practici.<br><br>Datorit\u0103 unor procese de produc\u021bie \u0219i echipamente proiectate \u00eentr-un mod optim pentru \u00eentregul lan\u021b al proceselor,<\/span><br><span style=\"color: #9fa8da;\">precum \u0219i datorit\u0103 unor speciali\u0219ti care v\u0103 ofer\u0103 prompt serviciile, cu experien\u021b\u0103 \u00een industria automobilelor, v\u0103 pute\u021bi atinge obiectivele propuse.<\/span><\/h6>\r\n<\/div>\r\n<\/section>\r\n<section class=\"dv-content__section\" style=\"background:none 50% 50% \/ cover no-repeat scroll;background-color: rgba(255, 255, 255, 0);padding-bottom:32px;padding-top:32px;\"><div class=\"dv-content__section-inner dv-content--width-large\" style=\"padding-left:16px;padding-right:16px;\">\r\n<h2>Noi v\u0103 oferim<\/h2>\r\n<div class=\"dv-grid dv-grid--gap-\" style=\"margin-bottom:16px;margin-top:16px;\">\r\n<div class=\"dv-grid__cell dv-grid__cell--6 dv-grid__cell--4-phone dv-grid__cell--8-tablet dv-grid__cell--undefined-rows\" style=\"background:none 50% 50% \/ cover no-repeat scroll;background-color: rgb(245, 245, 245);padding-bottom:0px;padding-left:0px;padding-right:0px;padding-top:0px;\">\r\n<div class=\"dv-list\" style=\"background-color:rgba(255, 255, 255, 0);color:rgb(0, 0, 0);\">\r\n<div class=\"dv-list__item\"><i class=\"material-icons\">extension<\/i><div class=\"dv-list__text\"><span class=\"dv-list__primary-text\">Managementul schimb\u0103rilor \u00een con\u0219tientizarea costurilor<\/span><span class=\"dv-list__secondary-text\">Transparen\u021ba costurilor - Con\u0219tientizarea costurilor - Realizarea (analiza costurilor, \u00eembun\u0103t\u0103\u021birea adev\u0103rului privind costurile, optimizarea proceselor \u00een \u00eentreaga organiza\u021bie)<\/span><\/div><\/div>\r\n<div class=\"dv-list__item\"><i class=\"material-icons\">extension<\/i><div class=\"dv-list__text\"><span class=\"dv-list__primary-text\">Calculul Costurilor Produsului<\/span><span class=\"dv-list__secondary-text\">Calculul costurilor de fabrica\u021bie ale produsului dumneavoastr\u0103 din perspectiva procesului de fabrica\u021bie optim<\/span><\/div><\/div>\r\n<div class=\"dv-list__item\"><i class=\"material-icons\">extension<\/i><div class=\"dv-list__text\"><span class=\"dv-list__primary-text\">Calculul pentru achizi\u021bionarea sculelor \u0219i echipamente speciale<\/span><span class=\"dv-list__secondary-text\">pe baza criteriilor \u201eBest Price\u201c (cel mai bun pre\u021b) \u0219i \u201eBest Practice\u201c (cea mai bun\u0103 practic\u0103)<\/span><\/div><\/div>\r\n<\/div>\r\n<\/div>\r\n<div class=\"dv-grid__cell dv-grid__cell--6 dv-grid__cell--4-phone dv-grid__cell--8-tablet dv-grid__cell--undefined-rows\" style=\"background:none 50% 50% \/ cover no-repeat scroll;background-color: rgb(245, 245, 245);padding-bottom:0px;padding-left:0px;padding-right:0px;padding-top:0px;\">\r\n<div class=\"dv-list\" style=\"background-color:rgba(255, 255, 255, 0);color:rgb(0, 0, 0);\">\r\n<div class=\"dv-list__item\"><i class=\"material-icons\">extension<\/i><div class=\"dv-list__text\"><span class=\"dv-list__primary-text\">Management interimar<\/span><span class=\"dv-list__secondary-text\">(Manager de proiect \u00een inginerie, industrializare, calitate, logistic\u0103, inginerie pentru scule \u0219i echipamente, tehnologie de aplica\u021bii \u0219i optimizarea proceselor)<\/span><\/div><\/div>\r\n<div class=\"dv-list__item\"><i class=\"material-icons\">extension<\/i><div class=\"dv-list__text\"><span class=\"dv-list__primary-text\">Urm\u0103rirea furnizorului pentru ma\u0219ini \u0219i scule<\/span><span class=\"dv-list__secondary-text\">\u00cencepe\u021bi produc\u021bia la timp \u0219i \u00een bune condi\u021bii<\/span><\/div><\/div>\r\n<div class=\"dv-list__item\"><i class=\"material-icons\">extension<\/i><div class=\"dv-list__text\"><span class=\"dv-list__primary-text\">Sprijin acordat la punerea \u00een func\u021biune<\/span><span class=\"dv-list__secondary-text\">p\u00e2n\u0103 la SOP<\/span><\/div><\/div>\r\n<div class=\"dv-list__item\"><i class=\"material-icons\">extension<\/i><div class=\"dv-list__text\"><span class=\"dv-list__primary-text\">Optimizarea proceselor \u0219i a produc\u021biei<\/span><span class=\"dv-list__secondary-text\">Ob\u021bine\u021bi cantitatea prev\u0103zut\u0103<\/span><\/div><\/div>\r\n<div class=\"dv-list__item\"><i class=\"material-icons\">extension<\/i><div class=\"dv-list__text\"><span class=\"dv-list__primary-text\">Proiecte de schimbare a loca\u021biei utilajelor \u0219i sculelor<\/span><span class=\"dv-list__secondary-text\">Produc\u021bia \u00eencepe \u00een noua dvs. fabric\u0103, la data stabilit\u0103<\/span><\/div><\/div>\r\n<\/div>\r\n<\/div>\r\n<\/div>\r\n<a class=\"dv-button\" href=\"\/\/www.evolution-team.com\/ro-ro\/clienti\/\" style=\"background-color:rgb(136, 14, 79);color:rgb(252, 228, 236);\"><i class=\"material-icons\">launch<\/i><span class=\"dv-button__text\">Clien\u021bi<\/span><\/a>\r\n<a class=\"dv-button\" href=\"\/\/www.evolution-team.com\/ro-ro\/servicii-oferite\/\" style=\"background-color:rgb(136, 14, 79);color:rgb(252, 228, 236);\"><i class=\"material-icons\">launch<\/i><span class=\"dv-button__text\">Servicii oferite<\/span><\/a>\r\n<\/div><\/section>\r\n<section class=\"dv-content__section\" style=\"background:none 50% 50% \/ cover no-repeat scroll;background-color: rgba(255, 255, 255, 0);padding-bottom:32px;padding-top:32px;\"><div class=\"dv-content__section-inner dv-content--width-large\" style=\"padding-left:16px;padding-right:16px;\">\r\n<div class=\"dv-grid dv-grid--gap-\" style=\"margin-bottom:0px;margin-top:0px;\">\r\n<div class=\"dv-grid__cell dv-grid__cell--6 dv-grid__cell--4-phone dv-grid__cell--8-tablet dv-grid__cell--undefined-rows\" style=\"background:none 50% 50% \/ cover no-repeat scroll;background-color: rgba(255, 255, 255, 0);padding-bottom:0px;padding-left:0px;padding-right:0px;padding-top:0px;\">\r\n<h2>Despre noi<\/h2>\r\n<p class=\"whitespace-normal break-words\">Suntem o companie experimentat\u0103 \u0219i angajat\u0103 care activeaz\u0103 \u00een industria auto \u0219i a furnizorilor.<\/p>\r\n<p class=\"whitespace-normal break-words\">Datorit\u0103 know-how-ului nostru diversificat, cunoa\u0219tem produsele \u0219i tehnologiile de proces posibile.<\/p>\r\n<p class=\"whitespace-normal break-words\">Datorit\u0103 know-how-ului nostru \u00een procesele de fabrica\u021bie, precum \u0219i \u00een proiectarea sculelor \u0219i ma\u0219inilor, v\u0103 ajut\u0103m s\u0103 achizi\u021biona\u021bi cele mai bune echipamente \u0219i scule pentru procesul dumneavoastr\u0103 de fabrica\u021bie.<\/p>\r\n<p class=\"whitespace-normal break-words\">\u00cen construc\u021bia de scule \u0219i ma\u0219ini, coordon\u0103m furnizorii dumneavoastr\u0103 pentru o livrare la timp a echipamentelor dumneavoastr\u0103.<\/p>\r\n<p class=\"whitespace-normal break-words\">La coordonarea lans\u0103rii, v\u0103 sprijinim s\u0103 porni\u021bi rapid produc\u021bia dumneavoastr\u0103.<\/p>\r\n<p class=\"whitespace-normal break-words\">\u00cen plus, v\u0103 sprijinim \u00een managementul interimar, \u00een optimizarea proceselor de fabrica\u021bie, precum \u0219i \u00een aspecte tehnice.<\/p>\r\n<\/div>\r\n<div class=\"dv-grid__cell dv-grid__cell--6 dv-grid__cell--4-phone dv-grid__cell--8-tablet dv-grid__cell--undefined-rows\" style=\"background:none 50% 50% \/ cover no-repeat scroll;background-color: rgba(255, 255, 255, 0);padding-bottom:0px;padding-left:0px;padding-right:0px;padding-top:0px;\">\r\n<h2>Istoria firmei<\/h2>\r\n<p class=\"whitespace-normal break-words\">\u00cen anul 2000, compania evolution-team a fost fondat\u0103 de Ing. Bruno Sattlecker, cu focusul <strong>&#8222;de la dezvoltarea proceselor p\u00e2n\u0103 la lansarea produc\u021biei de serie&#8221;<\/strong>.<\/p>\r\n<p class=\"whitespace-normal break-words\">Printre clien\u021bii no\u0219tri se num\u0103r\u0103 OEM-uri \u0219i furnizori de sisteme Tier 1.<\/p>\r\n<p class=\"whitespace-normal break-words\">Din anul 2006, evalu\u0103m costurile produselor, sculele, ma\u0219inile \u0219i dispozitivele. V\u0103 ajut\u0103m s\u0103 g\u0103si\u021bi cei mai buni produc\u0103tori de echipamente \u0219i piese de furnizare pentru produsul \u0219i procesele dumneavoastr\u0103.<\/p>\r\n<p><strong style=\"background-color: rgba(255, 255, 255, 0);\">prezentare detaliat\u0103 a proiectului:<\/strong><\/p>\r\n<a class=\"dv-button\" href=\"mailto:bruno.sattlecker@evolution-team.com\" style=\"background-color:rgb(136, 14, 79);color:rgb(252, 228, 236);\"><i class=\"material-icons\">email<\/i><span class=\"dv-button__text\">La cerere prin email<\/span><\/a>\r\n<\/div>\r\n<\/div>\r\n<\/div><\/section>\r\n","protected":false},"excerpt":{"rendered":"<p>[dv-slider-slider slider_id=\u201c2\u2033 slider_title=\u201cHome\u201c][\/dv-slider-slider] s\u0103 calcul\u0103m \u2013 s\u0103 optimiz\u0103ms\u0103 producem cu succes \u00een industria automobilelor \u0219i a prelucr\u0103rii materialelor plastice C\u00e2\u0219tiga\u021bi bani prin produc\u021bie.Datorit\u0103 unor procese de produc\u021bie \u0219i echipamente proiectate \u00eentr-un mod optim pentru \u00eentregul lan\u021b al proceselor,precum \u0219i datorit\u0103 unor speciali\u0219ti care v\u0103 ofer\u0103 prompt serviciile, cu experien\u021b\u0103 \u00een industria automobilelor, v\u0103 pute\u021bi atinge [\u2026]<\/p>\n","protected":false},"author":1,"featured_media":0,"parent":0,"menu_order":0,"comment_status":"closed","ping_status":"closed","template":"","meta":{"footnotes":""},"_links":{"self":[{"href":"https:\/\/www.evolution-team.com\/ro-ro\/wp-json\/wp\/v2\/pages\/6"}],"collection":[{"href":"https:\/\/www.evolution-team.com\/ro-ro\/wp-json\/wp\/v2\/pages"}],"about":[{"href":"https:\/\/www.evolution-team.com\/ro-ro\/wp-json\/wp\/v2\/types\/page"}],"author":[{"embeddable":true,"href":"https:\/\/www.evolution-team.com\/ro-ro\/wp-json\/wp\/v2\/users\/1"}],"replies":[{"embeddable":true,"href":"https:\/\/www.evolution-team.com\/ro-ro\/wp-json\/wp\/v2\/comments?post=6"}],"version-history":[{"count":16,"href":"https:\/\/www.evolution-team.com\/ro-ro\/wp-json\/wp\/v2\/pages\/6\/revisions"}],"predecessor-version":[{"id":645,"href":"https:\/\/www.evolution-team.com\/ro-ro\/wp-json\/wp\/v2\/pages\/6\/revisions\/645"}],"wp:attachment":[{"href":"https:\/\/www.evolution-team.com\/ro-ro\/wp-json\/wp\/v2\/media?parent=6"}],"curies":[{"name":"wp","href":"https:\/\/api.w.org\/{rel}","templated":true}]}}