{"id":85,"date":"2018-05-24T18:05:04","date_gmt":"2018-05-24T16:05:04","guid":{"rendered":"https:\/\/www.evolution-team.com\/ro-ro\/?page_id=85"},"modified":"2018-05-24T22:36:47","modified_gmt":"2018-05-24T20:36:47","slug":"politica-de-confidentialitate","status":"publish","type":"page","link":"https:\/\/www.evolution-team.com\/ro-ro\/politica-de-confidentialitate\/","title":{"rendered":"Politica de confidentialitate"},"content":{"rendered":"<section class=\"dv-content__section\" style=\"background:none 50% 50% \/ cover no-repeat scroll;background-color: rgba(255, 255, 255, 0);padding-bottom:32px;padding-top:32px;\"><div class=\"dv-content__section-inner dv-content--width-large\" style=\"padding-left:16px;padding-right:16px;\">\r\n<p>Responsabil pentru prelucrarea datelor dvs. personale pe site-ul nostru este projectmanagement evolution-team gmbh.<\/p>\r\n<p>Datele ulterioare ale gmbh echipei de proiectare a evolu\u021biei pot fi g\u0103site \u00een <a href=\"https:\/\/www.evolution-team.com\/ro-ro\/datele-companiei\/\">Datele companiei<\/a>.<\/p>\r\n<h2>Politica de confiden\u021bialitate<\/h2>\r\n<p>Noi lu\u0103m foarte \u00een serios protec\u021bia datelor dvs. personale. Ne proces\u0103m datele personale \u00een conformitate cu reglement\u0103rile legale privind protec\u021bia datelor \u0219i cu aceast\u0103 politic\u0103 de confiden\u021bialitate. Utilizarea site-ului nostru este posibil\u0103 f\u0103r\u0103 a furniza date personale. Dac\u0103 ne trimite\u021bi prin e-mail informa\u021biile dvs. personale prin intermediul site-ului web, acest lucru se face pe baz\u0103 pur voluntar\u0103.<\/p>\r\n<h2>Procesor, destinatar<\/h2>\r\n<p>Noi prelucrez\u0103m datele dvs. personale cu ajutorul procesatorilor contractuali care ne asist\u0103 \u00een furnizarea de servicii (de exemplu, gazde web). Ace\u0219ti procesatori se angajeaz\u0103 s\u0103 protejeze strict informa\u021biile dvs. personale \u0219i nu v\u0103 pot procesa informa\u021biile dvs. personale dec\u00e2t \u00een \u200b\u200bscopul furniz\u0103rii serviciilor noastre. Un transfer al datelor dvs. personale are loc doar la furnizorii de servicii tipice din punct de vedere economic, cum ar fi b\u0103ncile (\u00een cazul transferurilor c\u0103tre dvs.), consultan\u021bii fiscali (dac\u0103 apar \u00een contabilitatea noastr\u0103).<\/p>\r\n<h2>Solicita\u021bi prin e-mail la noi<\/h2>\r\n<p>Dup\u0103 primirea e-mailului dvs. de solicitare, datele personale trimise de dvs. vor fi prelucrate de ofi\u021berul de protec\u021bie a datelor \u00een scopul proces\u0103rii solicit\u0103rii dvs. pe baza consim\u021b\u0103m\u00e2ntului acordat prin trimiterea e-mailului. Nu exist\u0103 o obliga\u021bie legal\u0103 sau contractual\u0103 de a furniza informa\u021bii cu caracter personal. Neabservarea are drept consecin\u021b\u0103 faptul c\u0103 nu trimite\u021bi solicitarea dvs. \u0219i nu putem procesa acest lucru. Ave\u021bi dreptul s\u0103 revoca\u021bi consim\u021b\u0103m\u00e2ntul dvs. \u00een orice moment prin notificare scris\u0103 f\u0103r\u0103 a afecta legalitatea prelucr\u0103rii efectuate \u00een baza consim\u021b\u0103m\u00e2ntului p\u00e2n\u0103 la revocare. Ave\u021bi dreptul s\u0103 face\u021bi obiec\u021bii cu privire la utilizarea datelor dvs. personale \u00een scopul trimiterii po\u0219tei directe \u00een orice moment prin notificare scris\u0103. \u00cen cazul opozi\u021biei, datele dvs. personale nu vor mai fi prelucrate \u00een scopul trimiterii po\u0219tale directe.<\/p>\r\n<h2>Cookie<\/h2>\r\n<p>Acest site folose\u0219te module cookie. Cookie-urile fac site-urile web mai user-friendly \u0219i eficiente pentru utilizator. Un cookie este un fi\u0219ier text mic folosit pentru a stoca informa\u021bii. C\u00e2nd vizita\u021bi un site web, site-ul web poate plasa un cookie pe computerul vizitatorului site-ului. \u00cen cazul \u00een care utilizatorul revizuie\u0219te site-ul mai t\u00e2rziu, site-ul web poate citi datele cookie-ului anterior stocat \u0219i, de exemplu, poate determina dac\u0103 utilizatorul a vizitat site-ul \u00een prealabil \u0219i \u00een care zone ale site-ului a fost interesat \u00een mod deosebit de c\u0103tre utilizator. Mai multe informa\u021bii despre cookie-uri sunt disponibile pe <a href=\"https:\/\/de.wikipedia.org\/wiki\/HTTP-Cookie\">WIKIPEDIA<\/a>.<\/p>\r\n<h3>Modifica\u021bi set\u0103rile cookie-urilor<\/h3>\r\n<p>Modul \u00een care browserul web gestioneaz\u0103 cookie-urile, cookie-urile care sunt permise sau refuzate, pe care utilizatorul le poate specifica \u00een set\u0103rile browserului web. Unde exact aceste set\u0103ri depind de browserul web respectiv. Informa\u021bii detaliate pot fi accesate prin intermediul func\u021biei de ajutor a browserului web respectiv. Dac\u0103 utilizarea cookie-urilor este restric\u021bionat\u0103, este posibil s\u0103 nu pute\u021bi utiliza pe deplin toate func\u021biile acestui site web.<\/p>\r\n<h3>Cookies pe site-ul nostru<\/h3>\r\n<p>Site-ul nostru proceseaz\u0103 urm\u0103toarele cookie-uri:<\/p>\r\n<ul>\r\n<li>Google Analytics<\/li>\r\n<\/ul>\r\n<h2>Server Fi\u0219ier log<\/h2>\r\n<p>Acest site web proceseaz\u0103 urm\u0103toarele date personale \u00eentr-un fi\u0219ier jurnal de server \u00een scopul monitoriz\u0103rii func\u021biei tehnice \u0219i cre\u0219terii fiabilit\u0103\u021bii serverului web pe baza intereselor legitime predominante ale persoanei responsabile (m\u0103suri tehnice de securitate):<\/p>\r\n<ul>\r\n<li>numit con\u021binut<\/li>\r\n<li>Ora de solicitare a serverului<\/li>\r\n<li>Tip de browser \/ versiune browser<\/li>\r\n<li>sistem de operare folosit<\/li>\r\n<li>URL-ul referitorului<\/li>\r\n<li>adres\u0103 IP<\/li>\r\n<li>nume de gazd\u0103<\/li>\r\n<\/ul>\r\n<p>Datele nu sunt personalizate \u0219i sunt stocate \u00eentotdeauna separat de alte informa\u021bii personale.<\/p>\r\n<h2>Google Analytics<\/h2>\r\n<p>Acest site utilizeaz\u0103 serviciul Google Analytics, un serviciu de analiz\u0103 web furnizat de Google Inc, 1600 Amphitheatre Parkway Mountain View, CA 94043, SUA (&#8222;Google&#8221;) pe baza legal\u0103 a interesului legitim \u00eentemeiat (analiza utiliz\u0103rii site-ului web). Avem un contract cu Google pentru prelucrarea datelor cu contract. C\u00e2nd acces\u0103m site-ul nostru, software-ul se conecteaz\u0103 la serverele Google \u0219i transmite date c\u0103tre serverele Google, dintre care unele se afl\u0103 \u00een Statele Unite. Google Analytics utilizeaz\u0103, de asemenea, module cookie pentru a stoca informa\u021bii despre utilizatorul site-ului \u0219i pentru a analiza utilizarea site-ului de c\u0103tre utilizatorul site-ului. Acest site utilizeaz\u0103 func\u021bia &#8222;Anonimizarea IP&#8221;. Prin urmare, adresa dvs. IP va fi trunchiat\u0103 \u0219i prin urmare anonimat\u0103 de Google \u00een statele membre ale Uniunii Europene sau \u00een alte state contractante ale Acordului privind Spa\u021biul Economic European. Numai \u00een cazuri excep\u021bionale, adresa IP complet\u0103 va fi trimis\u0103 pe un server Google din SUA \u0219i scurtat\u0103 acolo. Potrivit Google, Google va folosi datele colectate pentru a evalua utilizarea site-ului web, pentru a compila rapoarte privind activitatea site-ului web \u0219i pentru a furniza alte servicii legate de activitatea site-ului web \u0219i de utilizarea internetului. De asemenea, Google va transfera aceste informa\u021bii unor ter\u021be p\u0103r\u021bi, dac\u0103 legea cere sau dac\u0103 ter\u021be p\u0103r\u021bi proceseaz\u0103 aceste date \u00een numele Google. Informa\u021bii detaliate privind modul de gestionare a datelor utilizatorilor \u00een Google Analytics pot fi g\u0103site \u00een politica Google privind confiden\u021bialitatea <a href=\"https:\/\/www.google.com\/intl\/de\/policies\/privacy\/\">Google<\/a> sau \u00een politica de confiden\u021bialitate <a href=\"https:\/\/support.google.com\/analytics\/answer\/6004245?hl=de\">Google Analytics<\/a>.<\/p>\r\n<h3>Dezactiva\u021bi Google Analytics<\/h3>\r\n<ul>\r\n<li>\u00cen general, pute\u021bi preveni colectarea datelor dvs. de utilizator pe site-ul nostru web, set\u00e2nd &#8222;Do not Track&#8221; \u00een browserul dvs. Web. Site-ul nostru ia \u00een considerare semnalul &#8222;Nu urm\u0103ri\u021bi&#8221; pe care browserul dvs. web \u00eel trimite tuturor site-urilor Web.<\/li>\r\n<li>\u00cen general, pute\u021bi \u00eempiedica Google Analytics s\u0103 colecteze datele dvs. de utilizator pe toate site-urile web, desc\u0103rc\u00e2nd \u0219i instal\u00e2nd pluginul de browser disponibil la adresa <a href=\"https:\/\/tools.google.com\/dlpage\/gaoptout?hl=de\">https:\/\/tools.google.com\/dlpage\/gaoptout?hl=de<\/a><\/li>\r\n<li>Pute\u021bi preveni colectarea datelor dvs. de utilizator de c\u0103tre Google Analytics numai pe acest site, f\u0103c\u00e2nd clic pe urm\u0103torul link. Un cookie de renun\u021bare va fi setat pentru a \u00eempiedica colectarea datelor dvs. \u00een viitoarele vizite pe acest site: dezactiva\u021bi Google Analytics.<\/li>\r\n<\/ul>\r\n<h2>Drepturile tale<\/h2>\r\n<p>Ave\u021bi dreptul la informa\u021bii, corectare, \u0219tergere \u0219i restric\u021bionare a proces\u0103rii datelor cu caracter personal. \u00cen m\u0103sura \u00een care baza legal\u0103 pentru prelucrarea datelor dvs. personale este acordul dvs. sau un contract \u00eencheiat cu dvs., ave\u021bi, de asemenea, dreptul la portabilitatea datelor. Ave\u021bi dreptul s\u0103 revoca\u021bi orice consim\u021b\u0103m\u00e2nt acordat pentru prelucrarea datelor dvs. personale. Legalitatea prelucr\u0103rii datelor cu caracter personal p\u00e2n\u0103 la revocare nu este afectat\u0103 de revocare. Ave\u021bi dreptul s\u0103 v\u0103 opune\u021bi prelucr\u0103rii datelor dvs. personale \u00een scopul po\u0219tei directe. \u00cen cazul opozi\u021biei, datele dvs. personale nu vor mai fi prelucrate \u00een scopuri de marketing direct. \u00cen plus, ave\u021bi dreptul de a v\u0103 pl\u00e2nge autorit\u0103\u021bii de supraveghere (\u00d6sterreichische Datenschutzbeh\u00f6rde, Wickenburggasse 8, 1080 Viena, dsb@dsb.gv.at).<\/p>\r\n<h2>Durata stoc\u0103rii datelor cu caracter personal<\/h2>\r\n<p>Datele personale sunt stocate pe durata respectivei perioade de p\u0103strare legal\u0103. Dup\u0103 expirarea termenului limit\u0103, datele vor fi \u0219terse \u00een mod obi\u0219nuit, cu excep\u021bia cazului \u00een care este necesar\u0103 ini\u021bierea unui contract sau \u00eendeplinirea contractului.<\/p>\r\n<\/div><\/section>\r\n","protected":false},"excerpt":{"rendered":"","protected":false},"author":1,"featured_media":0,"parent":0,"menu_order":0,"comment_status":"closed","ping_status":"closed","template":"","meta":{"footnotes":""},"_links":{"self":[{"href":"https:\/\/www.evolution-team.com\/ro-ro\/wp-json\/wp\/v2\/pages\/85"}],"collection":[{"href":"https:\/\/www.evolution-team.com\/ro-ro\/wp-json\/wp\/v2\/pages"}],"about":[{"href":"https:\/\/www.evolution-team.com\/ro-ro\/wp-json\/wp\/v2\/types\/page"}],"author":[{"embeddable":true,"href":"https:\/\/www.evolution-team.com\/ro-ro\/wp-json\/wp\/v2\/users\/1"}],"replies":[{"embeddable":true,"href":"https:\/\/www.evolution-team.com\/ro-ro\/wp-json\/wp\/v2\/comments?post=85"}],"version-history":[{"count":8,"href":"https:\/\/www.evolution-team.com\/ro-ro\/wp-json\/wp\/v2\/pages\/85\/revisions"}],"predecessor-version":[{"id":105,"href":"https:\/\/www.evolution-team.com\/ro-ro\/wp-json\/wp\/v2\/pages\/85\/revisions\/105"}],"wp:attachment":[{"href":"https:\/\/www.evolution-team.com\/ro-ro\/wp-json\/wp\/v2\/media?parent=85"}],"curies":[{"name":"wp","href":"https:\/\/api.w.org\/{rel}","templated":true}]}}